{"id":25,"date":"2024-02-02T14:55:00","date_gmt":"2024-02-02T13:55:00","guid":{"rendered":"https:\/\/wombatpole.de\/?page_id=25"},"modified":"2026-01-06T15:04:47","modified_gmt":"2026-01-06T14:04:47","slug":"impressum","status":"publish","type":"page","link":"https:\/\/www.waytopoleanddance.de\/en\/impressum\/","title":{"rendered":"Impressum"},"content":{"rendered":"<p>Elena Bosalygo<br \/>Einzelunternehmen<\/p>\r\n<p><strong>Adresse<\/strong>:<br \/>Akazienstr. 27<br \/>10823 Berlin<br \/>Deutschland<\/p>\r\n<p><strong>Telefon<\/strong>: +49 162 4122123<\/p>\r\n<p><strong>E-Mail<\/strong>: elena@waytopoleanddance.de<\/p>\r\n<p><strong>Website<\/strong>: www.waytopoleanddance.de<\/p>\r\n<p><strong>Umsatzsteuer-Identifikationsnummer<\/strong> gem\u00e4\u00df \u00a7 27a UStG: DE418402251<\/p>\r\n<p><br \/><strong>Dieses Impressum gilt auch f\u00fcr folgende Social-Media-Profile:<\/strong><\/p>\r\n<p>\u2013 https:\/\/www.instagram.com\/waytopoleanddance<\/p>\r\n<p>\u2013 https:\/\/www.instagram.com\/elena.pole.berlin<\/p>\r\n<p>\u2013 https:\/\/www.youtube.com\/@waytopoleanddance<\/p>\r\n<p>\u2013 https:\/\/t.me\/waytopoleanddance<\/p>\r\n<p>\u2013 https:\/\/t.me\/waytopoleanddance_rus<\/p>\r\n<p><strong>Verantwortlich f\u00fcr den Inhalt nach \u00a7 18 Abs. 2 DDG:<\/strong><\/p>\r\n<p>Elena Bosalygo, unter obiger Anschrift<\/p>\r\n<p><strong>Verbraucherschlichtung:<\/strong><\/p>\r\n<p>Wir sind nicht verpflichtet und nicht bereit, an Streitbeilegungsverfahren vor einer Verbraucherschlichtungsstelle teilzunehmen.<\/p>\r\n<p><strong>Haftungshinweis:<\/strong><\/p>\r\n<p>Trotz sorgf\u00e4ltiger inhaltlicher Kontrolle \u00fcbernehmen wir keine Haftung f\u00fcr externe Links. F\u00fcr den Inhalt verlinkter Seiten sind ausschlie\u00dflich deren Betreiber verantwortlich.<\/p>\r\n<p><strong>Urheberrechtshinweis:<\/strong><\/p>\r\n<p>Die auf dieser Website ver\u00f6ffentlichten Inhalte und Werke unterliegen dem deutschen Urheberrecht.<\/p>\r\n<p><strong>Zust\u00e4ndige Aufsichtsbeh\u00f6rde f\u00fcr medienrechtliche Fragen:<\/strong><\/p>\r\n<p>Medienanstalt Berlin-Brandenburg<\/p>\r\n<p>Kleine Pr\u00e4sidentenstra\u00dfe 1<\/p>\r\n<p>10178 Berlin<\/p>\r\n<p>www.mabb.de<\/p>","protected":false},"excerpt":{"rendered":"<p>Elena BosalygoEinzelunternehmen Adresse:Akazienstr. 2710823 BerlinDeutschland Telefon: +49 162 4122123 E-Mail: elena@waytopoleanddance.de Website: www.waytopoleanddance.de Umsatzsteuer-Identifikationsnummer gem\u00e4\u00df \u00a7 27a UStG: DE418402251 Dieses Impressum gilt auch f\u00fcr folgende Social-Media-Profile: \u2013 https:\/\/www.instagram.com\/waytopoleanddance \u2013 https:\/\/www.instagram.com\/elena.pole.berlin \u2013 https:\/\/www.youtube.com\/@waytopoleanddance \u2013 https:\/\/t.me\/waytopoleanddance \u2013 https:\/\/t.me\/waytopoleanddance_rus Verantwortlich f\u00fcr den Inhalt nach \u00a7 18 Abs. 2 DDG: Elena Bosalygo, unter obiger Anschrift Verbraucherschlichtung: Wir sind nicht [&hellip;]<\/p>","protected":false},"author":1,"featured_media":0,"parent":0,"menu_order":0,"comment_status":"closed","ping_status":"closed","template":"","meta":{"footnotes":""},"class_list":["post-25","page","type-page","status-publish","hentry"],"_links":{"self":[{"href":"https:\/\/www.waytopoleanddance.de\/en\/wp-json\/wp\/v2\/pages\/25","targetHints":{"allow":["GET"]}}],"collection":[{"href":"https:\/\/www.waytopoleanddance.de\/en\/wp-json\/wp\/v2\/pages"}],"about":[{"href":"https:\/\/www.waytopoleanddance.de\/en\/wp-json\/wp\/v2\/types\/page"}],"author":[{"embeddable":true,"href":"https:\/\/www.waytopoleanddance.de\/en\/wp-json\/wp\/v2\/users\/1"}],"replies":[{"embeddable":true,"href":"https:\/\/www.waytopoleanddance.de\/en\/wp-json\/wp\/v2\/comments?post=25"}],"version-history":[{"count":16,"href":"https:\/\/www.waytopoleanddance.de\/en\/wp-json\/wp\/v2\/pages\/25\/revisions"}],"predecessor-version":[{"id":4499,"href":"https:\/\/www.waytopoleanddance.de\/en\/wp-json\/wp\/v2\/pages\/25\/revisions\/4499"}],"wp:attachment":[{"href":"https:\/\/www.waytopoleanddance.de\/en\/wp-json\/wp\/v2\/media?parent=25"}],"curies":[{"name":"wp","href":"https:\/\/api.w.org\/{rel}","templated":true}]}}