{"id":1241,"date":"2025-02-20T12:57:44","date_gmt":"2025-02-20T11:57:44","guid":{"rendered":"https:\/\/pole.lumosframe.com\/?page_id=1241"},"modified":"2025-10-20T19:58:56","modified_gmt":"2025-10-20T17:58:56","slug":"nadine","status":"publish","type":"page","link":"https:\/\/www.waytopoleanddance.de\/ru\/nadine\/","title":{"rendered":"Nadine"},"content":{"rendered":"<div data-elementor-type=\"wp-page\" data-elementor-id=\"1241\" class=\"elementor elementor-1241\" data-elementor-post-type=\"page\">\n\t\t\t\t\t\t<section class=\"elementor-section elementor-top-section elementor-element elementor-element-3385d89b elementor-section-boxed elementor-section-height-default elementor-section-height-default\" data-id=\"3385d89b\" data-element_type=\"section\" data-settings=\"{&quot;background_background&quot;:&quot;classic&quot;}\">\n\t\t\t\t\t\t\t<div class=\"elementor-background-overlay\"><\/div>\n\t\t\t\t\t\t\t<div class=\"elementor-container elementor-column-gap-default\">\n\t\t\t\t\t<div class=\"elementor-column elementor-col-100 elementor-top-column elementor-element elementor-element-498246b1\" data-id=\"498246b1\" data-element_type=\"column\">\n\t\t\t<div class=\"elementor-widget-wrap elementor-element-populated\">\n\t\t\t\t\t\t<div class=\"elementor-element elementor-element-30b1fd0c elementor-invisible elementor-widget elementor-widget-heading\" data-id=\"30b1fd0c\" data-element_type=\"widget\" data-settings=\"{&quot;_animation&quot;:&quot;fadeInDown&quot;}\" data-widget_type=\"heading.default\">\n\t\t\t\t<div class=\"elementor-widget-container\">\n\t\t\t\t\t<h1 class=\"elementor-heading-title elementor-size-default\">Nadine<\/h1>\t\t\t\t<\/div>\n\t\t\t\t<\/div>\n\t\t\t\t<section class=\"elementor-section elementor-inner-section elementor-element elementor-element-58f23c30 elementor-section-content-middle elementor-section-boxed elementor-section-height-default elementor-section-height-default elementor-invisible\" data-id=\"58f23c30\" data-element_type=\"section\" data-settings=\"{&quot;animation&quot;:&quot;fadeInDown&quot;}\">\n\t\t\t\t\t\t<div class=\"elementor-container elementor-column-gap-default\">\n\t\t\t\t\t<div class=\"elementor-column elementor-col-100 elementor-inner-column elementor-element elementor-element-4db1b6c1\" data-id=\"4db1b6c1\" data-element_type=\"column\">\n\t\t\t<div class=\"elementor-widget-wrap elementor-element-populated\">\n\t\t\t\t\t\t<div class=\"elementor-element elementor-element-1b611299 elementor-widget__width-auto elementor-widget elementor-widget-heading\" data-id=\"1b611299\" data-element_type=\"widget\" data-widget_type=\"heading.default\">\n\t\t\t\t<div class=\"elementor-widget-container\">\n\t\t\t\t\t<h6 class=\"elementor-heading-title elementor-size-default\"><a href=\"\/ru\/\">\u0413\u043b\u0430\u0432\u043d\u0430\u044f<\/a><\/h6>\t\t\t\t<\/div>\n\t\t\t\t<\/div>\n\t\t\t\t<div class=\"elementor-element elementor-element-3a675c5d elementor-widget__width-auto elementor-widget elementor-widget-heading\" data-id=\"3a675c5d\" data-element_type=\"widget\" data-widget_type=\"heading.default\">\n\t\t\t\t<div class=\"elementor-widget-container\">\n\t\t\t\t\t<h6 class=\"elementor-heading-title elementor-size-default\">\u041f\u0440\u0435\u043f\u043e\u0434\u0430\u0432\u0430\u0442\u0435\u043b\u044c<\/h6>\t\t\t\t<\/div>\n\t\t\t\t<\/div>\n\t\t\t\t\t<\/div>\n\t\t<\/div>\n\t\t\t\t\t<\/div>\n\t\t<\/section>\n\t\t\t\t\t<\/div>\n\t\t<\/div>\n\t\t\t\t\t<\/div>\n\t\t<\/section>\n\t\t\t\t<section class=\"elementor-section elementor-top-section elementor-element elementor-element-7130e366 elementor-section-content-middle elementor-section-boxed elementor-section-height-default elementor-section-height-default\" data-id=\"7130e366\" data-element_type=\"section\">\n\t\t\t\t\t\t<div class=\"elementor-container elementor-column-gap-no\">\n\t\t\t\t\t<div class=\"elementor-column elementor-col-50 elementor-top-column elementor-element elementor-element-6c289d60\" data-id=\"6c289d60\" data-element_type=\"column\">\n\t\t\t<div class=\"elementor-widget-wrap elementor-element-populated\">\n\t\t\t\t\t\t<div class=\"elementor-element elementor-element-5305327 elementor-widget elementor-widget-image\" data-id=\"5305327\" data-element_type=\"widget\" data-widget_type=\"image.default\">\n\t\t\t\t<div class=\"elementor-widget-container\">\n\t\t\t\t\t\t\t\t\t\t\t\t\t\t\t<img fetchpriority=\"high\" decoding=\"async\" width=\"586\" height=\"1024\" src=\"https:\/\/www.waytopoleanddance.de\/wp-content\/uploads\/2024\/10\/Boots-Back-Bend-Kopie-586x1024.jpg\" class=\"attachment-large size-large wp-image-603\" alt=\"\" srcset=\"https:\/\/www.waytopoleanddance.de\/wp-content\/uploads\/2024\/10\/Boots-Back-Bend-Kopie-586x1024.jpg 586w, https:\/\/www.waytopoleanddance.de\/wp-content\/uploads\/2024\/10\/Boots-Back-Bend-Kopie-172x300.jpg 172w, https:\/\/www.waytopoleanddance.de\/wp-content\/uploads\/2024\/10\/Boots-Back-Bend-Kopie-768x1341.jpg 768w, https:\/\/www.waytopoleanddance.de\/wp-content\/uploads\/2024\/10\/Boots-Back-Bend-Kopie-879x1536.jpg 879w, https:\/\/www.waytopoleanddance.de\/wp-content\/uploads\/2024\/10\/Boots-Back-Bend-Kopie.jpg 916w\" sizes=\"(max-width: 586px) 100vw, 586px\" \/>\t\t\t\t\t\t\t\t\t\t\t\t\t\t\t<\/div>\n\t\t\t\t<\/div>\n\t\t\t\t<div class=\"elementor-element elementor-element-50bfe211 elementor-widget__width-initial elementor-absolute elementor-widget-mobile__width-initial elementor-invisible elementor-widget elementor-widget-image\" data-id=\"50bfe211\" data-element_type=\"widget\" data-settings=\"{&quot;_position&quot;:&quot;absolute&quot;,&quot;_animation&quot;:&quot;zoomIn&quot;}\" data-widget_type=\"image.default\">\n\t\t\t\t<div class=\"elementor-widget-container\">\n\t\t\t\t\t\t\t\t\t\t\t\t\t\t\t<img decoding=\"async\" width=\"563\" height=\"563\" src=\"https:\/\/www.waytopoleanddance.de\/wp-content\/uploads\/2025\/02\/Line-pattern-green-3.png\" class=\"attachment-large size-large wp-image-1318\" alt=\"\" srcset=\"https:\/\/www.waytopoleanddance.de\/wp-content\/uploads\/2025\/02\/Line-pattern-green-3.png 563w, https:\/\/www.waytopoleanddance.de\/wp-content\/uploads\/2025\/02\/Line-pattern-green-3-300x300.png 300w, https:\/\/www.waytopoleanddance.de\/wp-content\/uploads\/2025\/02\/Line-pattern-green-3-150x150.png 150w\" sizes=\"(max-width: 563px) 100vw, 563px\" \/>\t\t\t\t\t\t\t\t\t\t\t\t\t\t\t<\/div>\n\t\t\t\t<\/div>\n\t\t\t\t\t<\/div>\n\t\t<\/div>\n\t\t\t\t<div class=\"elementor-column elementor-col-50 elementor-top-column elementor-element elementor-element-cf354a6\" data-id=\"cf354a6\" data-element_type=\"column\">\n\t\t\t<div class=\"elementor-widget-wrap elementor-element-populated\">\n\t\t\t\t\t\t<div class=\"elementor-element elementor-element-6c4aeb8 elementor-widget elementor-widget-heading\" data-id=\"6c4aeb8\" data-element_type=\"widget\" data-widget_type=\"heading.default\">\n\t\t\t\t<div class=\"elementor-widget-container\">\n\t\t\t\t\t<h6 class=\"elementor-heading-title elementor-size-default\">\u041f\u0440\u0435\u043f\u043e\u0434\u0430\u0432\u0430\u0442\u0435\u043b\u044c<\/h6>\t\t\t\t<\/div>\n\t\t\t\t<\/div>\n\t\t\t\t<div class=\"elementor-element elementor-element-264ad5a4 elementor-widget elementor-widget-heading\" data-id=\"264ad5a4\" data-element_type=\"widget\" data-widget_type=\"heading.default\">\n\t\t\t\t<div class=\"elementor-widget-container\">\n\t\t\t\t\t<h2 class=\"elementor-heading-title elementor-size-default\">Nadine<\/h2>\t\t\t\t<\/div>\n\t\t\t\t<\/div>\n\t\t\t\t<section class=\"elementor-section elementor-inner-section elementor-element elementor-element-1296b127 elementor-section-boxed elementor-section-height-default elementor-section-height-default\" data-id=\"1296b127\" data-element_type=\"section\">\n\t\t\t\t\t\t<div class=\"elementor-container elementor-column-gap-default\">\n\t\t\t\t\t<div class=\"elementor-column elementor-col-50 elementor-inner-column elementor-element elementor-element-48140b4e\" data-id=\"48140b4e\" data-element_type=\"column\">\n\t\t\t<div class=\"elementor-widget-wrap elementor-element-populated\">\n\t\t\t\t\t\t<div class=\"elementor-element elementor-element-7ea072e4 elementor-view-stacked elementor-shape-circle elementor-widget elementor-widget-icon\" data-id=\"7ea072e4\" data-element_type=\"widget\" data-widget_type=\"icon.default\">\n\t\t\t\t<div class=\"elementor-widget-container\">\n\t\t\t\t\t\t\t<div class=\"elementor-icon-wrapper\">\n\t\t\t<div class=\"elementor-icon\">\n\t\t\t<svg aria-hidden=\"true\" class=\"e-font-icon-svg e-fas-heart\" viewbox=\"0 0 512 512\" xmlns=\"http:\/\/www.w3.org\/2000\/svg\"><path d=\"M462.3 62.6C407.5 15.9 326 24.3 275.7 76.2L256 96.5l-19.7-20.3C186.1 24.3 104.5 15.9 49.7 62.6c-62.8 53.6-66.1 149.8-9.9 207.9l193.5 199.8c12.5 12.9 32.8 12.9 45.3 0l193.5-199.8c56.3-58.1 53-154.3-9.8-207.9z\"><\/path><\/svg>\t\t\t<\/div>\n\t\t<\/div>\n\t\t\t\t\t\t<\/div>\n\t\t\t\t<\/div>\n\t\t\t\t\t<\/div>\n\t\t<\/div>\n\t\t\t\t<div class=\"elementor-column elementor-col-50 elementor-inner-column elementor-element elementor-element-32d22bdd\" data-id=\"32d22bdd\" data-element_type=\"column\">\n\t\t\t<div class=\"elementor-widget-wrap elementor-element-populated\">\n\t\t\t\t\t\t<div class=\"elementor-element elementor-element-9d16cf6 elementor-widget elementor-widget-icon-box\" data-id=\"9d16cf6\" data-element_type=\"widget\" data-widget_type=\"icon-box.default\">\n\t\t\t\t<div class=\"elementor-widget-container\">\n\t\t\t\t\t\t\t<div class=\"elementor-icon-box-wrapper\">\n\n\t\t\t\n\t\t\t\t\t\t<div class=\"elementor-icon-box-content\">\n\n\t\t\t\t\t\t\t\t\t<h5 class=\"elementor-icon-box-title\">\n\t\t\t\t\t\t<span  >\n\t\t\t\t\t\t\t\u041d\u0430\u043f\u0440\u0430\u0432\u043b\u0435\u043d\u0438\u044f\t\t\t\t\t\t<\/span>\n\t\t\t\t\t<\/h5>\n\t\t\t\t\n\t\t\t\t\t\t\t\t\t<p class=\"elementor-icon-box-description\">\n\t\t\t\t\t\t\u2022Heels Intro<br>\n\u041d\u0430 \u0435\u0435 \u0441\u0442\u0438\u043b\u044c Pole dance \u043e\u0447\u0435\u043d\u044c \u0441\u0438\u043b\u044c\u043d\u043e \u043f\u043e\u0432\u043b\u0438\u044f\u043b\u0438 \u0437\u0430\u043d\u044f\u0442\u0438\u044f \u0431\u0430\u043b\u0435\u0442\u043e\u043c. \u041e\u043d\u0430 \u0442\u0430\u043a\u0436\u0435 \u0442\u0430\u043d\u0446\u0435\u0432\u0430\u043b\u0430 \u0434\u0436\u0430\u0437, \u043c\u043e\u0434\u0435\u0440\u043d \u0438 \u0444\u043b\u0430\u043c\u0435\u043d\u043a\u043e. \u0412 \u0441\u0432\u043e\u0438\u0445 \u0442\u0440\u0435\u043d\u0438\u0440\u043e\u0432\u043a\u0430\u0445 \u043e\u043d\u0430 \u043b\u044e\u0431\u0438\u0442 \u0438\u0433\u0440\u0430\u0442\u044c \u0441 \u0434\u043b\u0438\u043d\u043d\u044b\u043c\u0438 \u043b\u0438\u043d\u0438\u044f\u043c\u0438, \u0432\u043e\u043b\u043d\u0430\u043c\u0438 \u0438 \u043f\u0435\u0442\u043b\u044f\u043c\u0438 \u0438 \u0432\u043a\u043b\u044e\u0447\u0430\u0435\u0442 \u0432 \u0441\u0432\u043e\u0438 \u0445\u043e\u0440\u0435\u043e\u0433\u0440\u0430\u0444\u0438\u0438 \u043c\u043d\u043e\u0436\u0435\u0441\u0442\u0432\u043e \u0438\u0437\u0433\u0438\u0431\u043e\u0432 \u0438 \u043f\u043e\u0432\u043e\u0440\u043e\u0442\u043e\u0432. \u0415\u0435 \u0441\u0442\u0438\u043b\u044c \u0447\u0443\u0432\u0441\u0442\u0432\u0435\u043d\u043d\u044b\u0439 \u0438 \u0442\u043e\u043d\u043a\u0438\u0439, \u0447\u0430\u0441\u0442\u043e \u0441 \u044d\u043b\u0435\u0433\u0430\u043d\u0442\u043d\u044b\u043c\u0438 \u0438 \u043f\u043b\u0430\u0432\u043d\u044b\u043c\u0438 \u0434\u0432\u0438\u0436\u0435\u043d\u0438\u044f\u043c\u0438.\t\t\t\t\t<\/p>\n\t\t\t\t\n\t\t\t<\/div>\n\t\t\t\n\t\t<\/div>\n\t\t\t\t\t\t<\/div>\n\t\t\t\t<\/div>\n\t\t\t\t\t<\/div>\n\t\t<\/div>\n\t\t\t\t\t<\/div>\n\t\t<\/section>\n\t\t\t\t\t<\/div>\n\t\t<\/div>\n\t\t\t\t\t<\/div>\n\t\t<\/section>\n\t\t\t\t<section class=\"elementor-section elementor-top-section elementor-element elementor-element-1be518eb elementor-section-content-middle elementor-reverse-mobile elementor-section-boxed elementor-section-height-default elementor-section-height-default\" data-id=\"1be518eb\" data-element_type=\"section\">\n\t\t\t\t\t\t<div class=\"elementor-container elementor-column-gap-default\">\n\t\t\t\t\t<div class=\"elementor-column elementor-col-50 elementor-top-column elementor-element elementor-element-5e89b23b\" data-id=\"5e89b23b\" data-element_type=\"column\">\n\t\t\t<div class=\"elementor-widget-wrap elementor-element-populated\">\n\t\t\t\t\t\t<div class=\"elementor-element elementor-element-41b23139 elementor-widget__width-initial elementor-absolute elementor-invisible elementor-widget elementor-widget-image\" data-id=\"41b23139\" data-element_type=\"widget\" data-settings=\"{&quot;_position&quot;:&quot;absolute&quot;,&quot;_animation&quot;:&quot;zoomIn&quot;}\" data-widget_type=\"image.default\">\n\t\t\t\t<div class=\"elementor-widget-container\">\n\t\t\t\t\t\t\t\t\t\t\t\t\t\t\t<img decoding=\"async\" width=\"563\" height=\"563\" src=\"https:\/\/www.waytopoleanddance.de\/wp-content\/uploads\/2025\/02\/Line-pattern-green-3.png\" class=\"attachment-large size-large wp-image-1318\" alt=\"\" srcset=\"https:\/\/www.waytopoleanddance.de\/wp-content\/uploads\/2025\/02\/Line-pattern-green-3.png 563w, https:\/\/www.waytopoleanddance.de\/wp-content\/uploads\/2025\/02\/Line-pattern-green-3-300x300.png 300w, https:\/\/www.waytopoleanddance.de\/wp-content\/uploads\/2025\/02\/Line-pattern-green-3-150x150.png 150w\" sizes=\"(max-width: 563px) 100vw, 563px\" \/>\t\t\t\t\t\t\t\t\t\t\t\t\t\t\t<\/div>\n\t\t\t\t<\/div>\n\t\t\t\t<section class=\"elementor-section elementor-inner-section elementor-element elementor-element-242927b5 animated-fast elementor-section-boxed elementor-section-height-default elementor-section-height-default elementor-invisible\" data-id=\"242927b5\" data-element_type=\"section\" data-settings=\"{&quot;animation&quot;:&quot;fadeIn&quot;}\">\n\t\t\t\t\t\t<div class=\"elementor-container elementor-column-gap-default\">\n\t\t\t\t\t<div class=\"elementor-column elementor-col-100 elementor-inner-column elementor-element elementor-element-162488a7\" data-id=\"162488a7\" data-element_type=\"column\" data-settings=\"{&quot;background_background&quot;:&quot;classic&quot;}\">\n\t\t\t<div class=\"elementor-widget-wrap elementor-element-populated\">\n\t\t\t\t\t\t<div class=\"elementor-element elementor-element-5e41b0ac elementor-widget elementor-widget-heading\" data-id=\"5e41b0ac\" data-element_type=\"widget\" data-widget_type=\"heading.default\">\n\t\t\t\t<div class=\"elementor-widget-container\">\n\t\t\t\t\t<h6 class=\"elementor-heading-title elementor-size-default\">Nadine<\/h6>\t\t\t\t<\/div>\n\t\t\t\t<\/div>\n\t\t\t\t<div class=\"elementor-element elementor-element-202f3110 elementor-widget elementor-widget-heading\" data-id=\"202f3110\" data-element_type=\"widget\" data-widget_type=\"heading.default\">\n\t\t\t\t<div class=\"elementor-widget-container\">\n\t\t\t\t\t<h2 class=\"elementor-heading-title elementor-size-default\">\u0418\u043d\u0442\u0435\u0440\u0435\u0441\u043d\u044b\u0435 \u0444\u0430\u043a\u0442\u044b<\/h2>\t\t\t\t<\/div>\n\t\t\t\t<\/div>\n\t\t\t\t<div class=\"elementor-element elementor-element-690143fa elementor-widget elementor-widget-text-editor\" data-id=\"690143fa\" data-element_type=\"widget\" data-widget_type=\"text-editor.default\">\n\t\t\t\t<div class=\"elementor-widget-container\">\n\t\t\t\t\t\t\t\t\t<ul><li style=\"text-align: left;\">\u0417\u0430\u043d\u0438\u043c\u0430\u043b\u0430\u0441\u044c \u0431\u0430\u043b\u0435\u0442\u043e\u043c 14 \u043b\u0435\u0442<\/li><li style=\"text-align: left;\">\u0412 2019 \u0433\u043e\u0434\u0443 \u0443\u0447\u0430\u0441\u0442\u0432\u043e\u0432\u0430\u043b\u0430 \u0432 \u0433\u0440\u0443\u043f\u043f\u043e\u0432\u043e\u043c \u0445\u043e\u0440\u0435\u043e\u0433\u0440\u0430\u0444\u0438\u0447\u0435\u0441\u043a\u043e\u043c \u0448\u043e\u0443 \u043d\u0430 \u0442\u0430\u043d\u0446\u0435\u0432\u0430\u043b\u044c\u043d\u043e\u043c \u043a\u043e\u043d\u043a\u0443\u0440\u0441\u0435 Floorplay \u0432 \u041b\u043e\u043d\u0434\u043e\u043d\u0435<\/li><li style=\"text-align: left;\">\u0421 2010 \u0433\u043e\u0434\u0430 \u0436\u0438\u0432\u0435\u0442 \u0432 \u0411\u0435\u0440\u043b\u0438\u043d\u0435<\/li><li style=\"text-align: left;\">\u041f\u0443\u0442\u0435\u0448\u0435\u0441\u0442\u0432\u0443\u0435\u0442 \u043f\u043e \u043c\u0438\u0440\u0443 \u043a\u0430\u043a \u043c\u043e\u0436\u043d\u043e \u0447\u0430\u0449\u0435 \u0438 \u043f\u043e\u0441\u0435\u0449\u0430\u0435\u0442 \u043f\u0438\u043b\u043e\u043d\u043d\u044b\u0435 \u0441\u0442\u0443\u0434\u0438\u0438 \u043a\u0430\u0436\u0434\u044b\u0439 \u0440\u0430\u0437, \u043a\u043e\u0433\u0434\u0430 \u043e\u043a\u0430\u0437\u044b\u0432\u0430\u0435\u0442\u0441\u044f \u0432 \u0447\u0443\u0436\u043e\u043c \u0433\u043e\u0440\u043e\u0434\u0435<\/li><\/ul>\t\t\t\t\t\t\t\t<\/div>\n\t\t\t\t<\/div>\n\t\t\t\t\t<\/div>\n\t\t<\/div>\n\t\t\t\t\t<\/div>\n\t\t<\/section>\n\t\t\t\t\t<\/div>\n\t\t<\/div>\n\t\t\t\t<div class=\"elementor-column elementor-col-50 elementor-top-column elementor-element elementor-element-53f82f33\" data-id=\"53f82f33\" data-element_type=\"column\">\n\t\t\t<div class=\"elementor-widget-wrap elementor-element-populated\">\n\t\t\t\t\t\t<div class=\"elementor-element elementor-element-39af471b elementor-widget elementor-widget-image\" data-id=\"39af471b\" data-element_type=\"widget\" data-widget_type=\"image.default\">\n\t\t\t\t<div class=\"elementor-widget-container\">\n\t\t\t\t\t\t\t\t\t\t\t\t\t\t\t<img decoding=\"async\" width=\"2048\" height=\"1434\" src=\"https:\/\/www.waytopoleanddance.de\/wp-content\/uploads\/2024\/10\/Lunge-Back-Kopie.jpg\" class=\"attachment-full size-full wp-image-542\" alt=\"heels intro\" srcset=\"https:\/\/www.waytopoleanddance.de\/wp-content\/uploads\/2024\/10\/Lunge-Back-Kopie.jpg 2048w, https:\/\/www.waytopoleanddance.de\/wp-content\/uploads\/2024\/10\/Lunge-Back-Kopie-300x210.jpg 300w, https:\/\/www.waytopoleanddance.de\/wp-content\/uploads\/2024\/10\/Lunge-Back-Kopie-1024x717.jpg 1024w, https:\/\/www.waytopoleanddance.de\/wp-content\/uploads\/2024\/10\/Lunge-Back-Kopie-768x538.jpg 768w, https:\/\/www.waytopoleanddance.de\/wp-content\/uploads\/2024\/10\/Lunge-Back-Kopie-1536x1076.jpg 1536w\" sizes=\"(max-width: 2048px) 100vw, 2048px\" \/>\t\t\t\t\t\t\t\t\t\t\t\t\t\t\t<\/div>\n\t\t\t\t<\/div>\n\t\t\t\t\t<\/div>\n\t\t<\/div>\n\t\t\t\t\t<\/div>\n\t\t<\/section>\n\t\t\t\t<\/div>","protected":false},"excerpt":{"rendered":"<p>Nadine Hauptseite Lehrerin Lehrerin Nadine Unterrichtete Kurse \u2022Heels Intro Ihr Poledance-Stil ist sehr von ihrer Ballettausbildung gepr\u00e4gt. Au\u00dferdem hat sie fr\u00fcher auch Jazz, Modern Dance und Flamenco getanzt. Sie spielt gerne mit langen Linien, Wellen und Kreisen in ihrem Training und integriert viele Kurven und Drehungen in ihren Choreographien. Ihr Stil ist sinnlich und pr\u00e4zise, [&hellip;]<\/p>","protected":false},"author":1,"featured_media":0,"parent":0,"menu_order":0,"comment_status":"closed","ping_status":"closed","template":"elementor_header_footer","meta":{"footnotes":""},"class_list":["post-1241","page","type-page","status-publish","hentry"],"_links":{"self":[{"href":"https:\/\/www.waytopoleanddance.de\/ru\/wp-json\/wp\/v2\/pages\/1241","targetHints":{"allow":["GET"]}}],"collection":[{"href":"https:\/\/www.waytopoleanddance.de\/ru\/wp-json\/wp\/v2\/pages"}],"about":[{"href":"https:\/\/www.waytopoleanddance.de\/ru\/wp-json\/wp\/v2\/types\/page"}],"author":[{"embeddable":true,"href":"https:\/\/www.waytopoleanddance.de\/ru\/wp-json\/wp\/v2\/users\/1"}],"replies":[{"embeddable":true,"href":"https:\/\/www.waytopoleanddance.de\/ru\/wp-json\/wp\/v2\/comments?post=1241"}],"version-history":[{"count":41,"href":"https:\/\/www.waytopoleanddance.de\/ru\/wp-json\/wp\/v2\/pages\/1241\/revisions"}],"predecessor-version":[{"id":4217,"href":"https:\/\/www.waytopoleanddance.de\/ru\/wp-json\/wp\/v2\/pages\/1241\/revisions\/4217"}],"wp:attachment":[{"href":"https:\/\/www.waytopoleanddance.de\/ru\/wp-json\/wp\/v2\/media?parent=1241"}],"curies":[{"name":"wp","href":"https:\/\/api.w.org\/{rel}","templated":true}]}}