{"id":1278,"date":"2025-02-20T13:34:52","date_gmt":"2025-02-20T12:34:52","guid":{"rendered":"https:\/\/pole.lumosframe.com\/?page_id=1278"},"modified":"2025-10-27T16:14:00","modified_gmt":"2025-10-27T15:14:00","slug":"anastasia","status":"publish","type":"page","link":"https:\/\/www.waytopoleanddance.de\/ru\/anastasia\/","title":{"rendered":"\u0410\u043d\u0430\u0441\u0442\u0430\u0441\u0438\u044f"},"content":{"rendered":"<div data-elementor-type=\"wp-page\" data-elementor-id=\"1278\" class=\"elementor elementor-1278\" data-elementor-post-type=\"page\">\n\t\t\t\t\t\t<section class=\"elementor-section elementor-top-section elementor-element elementor-element-2e51a250 elementor-section-boxed elementor-section-height-default elementor-section-height-default\" data-id=\"2e51a250\" data-element_type=\"section\" data-settings=\"{&quot;background_background&quot;:&quot;classic&quot;}\">\n\t\t\t\t\t\t\t<div class=\"elementor-background-overlay\"><\/div>\n\t\t\t\t\t\t\t<div class=\"elementor-container elementor-column-gap-default\">\n\t\t\t\t\t<div class=\"elementor-column elementor-col-100 elementor-top-column elementor-element elementor-element-64abab0e\" data-id=\"64abab0e\" data-element_type=\"column\">\n\t\t\t<div class=\"elementor-widget-wrap elementor-element-populated\">\n\t\t\t\t\t\t<div class=\"elementor-element elementor-element-63869c9d elementor-invisible elementor-widget elementor-widget-heading\" data-id=\"63869c9d\" data-element_type=\"widget\" data-settings=\"{&quot;_animation&quot;:&quot;fadeInDown&quot;}\" data-widget_type=\"heading.default\">\n\t\t\t\t<div class=\"elementor-widget-container\">\n\t\t\t\t\t<h1 class=\"elementor-heading-title elementor-size-default\">\u0410\u043d\u0430\u0441\u0442\u0430\u0441\u0438\u044f<\/h1>\t\t\t\t<\/div>\n\t\t\t\t<\/div>\n\t\t\t\t<section class=\"elementor-section elementor-inner-section elementor-element elementor-element-59bb1997 elementor-section-content-middle elementor-section-boxed elementor-section-height-default elementor-section-height-default elementor-invisible\" data-id=\"59bb1997\" data-element_type=\"section\" data-settings=\"{&quot;animation&quot;:&quot;fadeInDown&quot;}\">\n\t\t\t\t\t\t<div class=\"elementor-container elementor-column-gap-default\">\n\t\t\t\t\t<div class=\"elementor-column elementor-col-100 elementor-inner-column elementor-element elementor-element-3da7f1fe\" data-id=\"3da7f1fe\" data-element_type=\"column\">\n\t\t\t<div class=\"elementor-widget-wrap elementor-element-populated\">\n\t\t\t\t\t\t<div class=\"elementor-element elementor-element-4248e158 elementor-widget__width-auto elementor-widget elementor-widget-heading\" data-id=\"4248e158\" data-element_type=\"widget\" data-widget_type=\"heading.default\">\n\t\t\t\t<div class=\"elementor-widget-container\">\n\t\t\t\t\t<h6 class=\"elementor-heading-title elementor-size-default\"><a href=\"\/ru\/\">\u0413\u043b\u0430\u0432\u043d\u0430\u044f<\/a><\/h6>\t\t\t\t<\/div>\n\t\t\t\t<\/div>\n\t\t\t\t<div class=\"elementor-element elementor-element-6db31f82 elementor-widget__width-auto elementor-widget elementor-widget-heading\" data-id=\"6db31f82\" data-element_type=\"widget\" data-widget_type=\"heading.default\">\n\t\t\t\t<div class=\"elementor-widget-container\">\n\t\t\t\t\t<h6 class=\"elementor-heading-title elementor-size-default\">\u041f\u0440\u0435\u043f\u043e\u0434\u0430\u0432\u0430\u0442\u0435\u043b\u044c<\/h6>\t\t\t\t<\/div>\n\t\t\t\t<\/div>\n\t\t\t\t\t<\/div>\n\t\t<\/div>\n\t\t\t\t\t<\/div>\n\t\t<\/section>\n\t\t\t\t\t<\/div>\n\t\t<\/div>\n\t\t\t\t\t<\/div>\n\t\t<\/section>\n\t\t\t\t<section class=\"elementor-section elementor-top-section elementor-element elementor-element-5e9549f1 elementor-section-content-middle elementor-section-boxed elementor-section-height-default elementor-section-height-default\" data-id=\"5e9549f1\" data-element_type=\"section\">\n\t\t\t\t\t\t<div class=\"elementor-container elementor-column-gap-no\">\n\t\t\t\t\t<div class=\"elementor-column elementor-col-50 elementor-top-column elementor-element elementor-element-3177a14a\" data-id=\"3177a14a\" data-element_type=\"column\">\n\t\t\t<div class=\"elementor-widget-wrap elementor-element-populated\">\n\t\t\t\t\t\t<div class=\"elementor-element elementor-element-76b6e95f elementor-widget elementor-widget-image\" data-id=\"76b6e95f\" data-element_type=\"widget\" data-widget_type=\"image.default\">\n\t\t\t\t<div class=\"elementor-widget-container\">\n\t\t\t\t\t\t\t\t\t\t\t\t\t\t\t<img fetchpriority=\"high\" decoding=\"async\" width=\"721\" height=\"1024\" src=\"https:\/\/www.waytopoleanddance.de\/wp-content\/uploads\/2024\/11\/IMG-20241115-WA00072-721x1024.jpg\" class=\"attachment-large size-large wp-image-684\" alt=\"\" srcset=\"https:\/\/www.waytopoleanddance.de\/wp-content\/uploads\/2024\/11\/IMG-20241115-WA00072-721x1024.jpg 721w, https:\/\/www.waytopoleanddance.de\/wp-content\/uploads\/2024\/11\/IMG-20241115-WA00072-211x300.jpg 211w, https:\/\/www.waytopoleanddance.de\/wp-content\/uploads\/2024\/11\/IMG-20241115-WA00072-768x1090.jpg 768w, https:\/\/www.waytopoleanddance.de\/wp-content\/uploads\/2024\/11\/IMG-20241115-WA00072.jpg 789w\" sizes=\"(max-width: 721px) 100vw, 721px\" \/>\t\t\t\t\t\t\t\t\t\t\t\t\t\t\t<\/div>\n\t\t\t\t<\/div>\n\t\t\t\t<div class=\"elementor-element elementor-element-7aa40242 elementor-widget__width-initial elementor-absolute elementor-widget-mobile__width-initial elementor-invisible elementor-widget elementor-widget-image\" data-id=\"7aa40242\" data-element_type=\"widget\" data-settings=\"{&quot;_position&quot;:&quot;absolute&quot;,&quot;_animation&quot;:&quot;zoomIn&quot;}\" data-widget_type=\"image.default\">\n\t\t\t\t<div class=\"elementor-widget-container\">\n\t\t\t\t\t\t\t\t\t\t\t\t\t\t\t<img decoding=\"async\" width=\"563\" height=\"563\" src=\"https:\/\/www.waytopoleanddance.de\/wp-content\/uploads\/2025\/02\/Line-pattern-green-3.png\" class=\"attachment-large size-large wp-image-1318\" alt=\"\" srcset=\"https:\/\/www.waytopoleanddance.de\/wp-content\/uploads\/2025\/02\/Line-pattern-green-3.png 563w, https:\/\/www.waytopoleanddance.de\/wp-content\/uploads\/2025\/02\/Line-pattern-green-3-300x300.png 300w, https:\/\/www.waytopoleanddance.de\/wp-content\/uploads\/2025\/02\/Line-pattern-green-3-150x150.png 150w\" sizes=\"(max-width: 563px) 100vw, 563px\" \/>\t\t\t\t\t\t\t\t\t\t\t\t\t\t\t<\/div>\n\t\t\t\t<\/div>\n\t\t\t\t\t<\/div>\n\t\t<\/div>\n\t\t\t\t<div class=\"elementor-column elementor-col-50 elementor-top-column elementor-element elementor-element-6df8825a\" data-id=\"6df8825a\" data-element_type=\"column\">\n\t\t\t<div class=\"elementor-widget-wrap elementor-element-populated\">\n\t\t\t\t\t\t<div class=\"elementor-element elementor-element-1c11478d elementor-widget elementor-widget-heading\" data-id=\"1c11478d\" data-element_type=\"widget\" data-widget_type=\"heading.default\">\n\t\t\t\t<div class=\"elementor-widget-container\">\n\t\t\t\t\t<h6 class=\"elementor-heading-title elementor-size-default\">\u041f\u0440\u0435\u043f\u043e\u0434\u0430\u0432\u0430\u0442\u0435\u043b\u044c<\/h6>\t\t\t\t<\/div>\n\t\t\t\t<\/div>\n\t\t\t\t<div class=\"elementor-element elementor-element-268a53e elementor-widget elementor-widget-heading\" data-id=\"268a53e\" data-element_type=\"widget\" data-widget_type=\"heading.default\">\n\t\t\t\t<div class=\"elementor-widget-container\">\n\t\t\t\t\t<h2 class=\"elementor-heading-title elementor-size-default\">\u0410\u043d\u0430\u0441\u0442\u0430\u0441\u0438\u044f<\/h2>\t\t\t\t<\/div>\n\t\t\t\t<\/div>\n\t\t\t\t<section class=\"elementor-section elementor-inner-section elementor-element elementor-element-4ec1a11e elementor-section-boxed elementor-section-height-default elementor-section-height-default\" data-id=\"4ec1a11e\" data-element_type=\"section\">\n\t\t\t\t\t\t<div class=\"elementor-container elementor-column-gap-default\">\n\t\t\t\t\t<div class=\"elementor-column elementor-col-50 elementor-inner-column elementor-element elementor-element-2bb1d4d2\" data-id=\"2bb1d4d2\" data-element_type=\"column\">\n\t\t\t<div class=\"elementor-widget-wrap elementor-element-populated\">\n\t\t\t\t\t\t<div class=\"elementor-element elementor-element-47ee368 elementor-view-stacked elementor-shape-circle elementor-widget elementor-widget-icon\" data-id=\"47ee368\" data-element_type=\"widget\" data-widget_type=\"icon.default\">\n\t\t\t\t<div class=\"elementor-widget-container\">\n\t\t\t\t\t\t\t<div class=\"elementor-icon-wrapper\">\n\t\t\t<div class=\"elementor-icon\">\n\t\t\t<svg aria-hidden=\"true\" class=\"e-font-icon-svg e-fas-heart\" viewbox=\"0 0 512 512\" xmlns=\"http:\/\/www.w3.org\/2000\/svg\"><path d=\"M462.3 62.6C407.5 15.9 326 24.3 275.7 76.2L256 96.5l-19.7-20.3C186.1 24.3 104.5 15.9 49.7 62.6c-62.8 53.6-66.1 149.8-9.9 207.9l193.5 199.8c12.5 12.9 32.8 12.9 45.3 0l193.5-199.8c56.3-58.1 53-154.3-9.8-207.9z\"><\/path><\/svg>\t\t\t<\/div>\n\t\t<\/div>\n\t\t\t\t\t\t<\/div>\n\t\t\t\t<\/div>\n\t\t\t\t\t<\/div>\n\t\t<\/div>\n\t\t\t\t<div class=\"elementor-column elementor-col-50 elementor-inner-column elementor-element elementor-element-1c119471\" data-id=\"1c119471\" data-element_type=\"column\">\n\t\t\t<div class=\"elementor-widget-wrap elementor-element-populated\">\n\t\t\t\t\t\t<div class=\"elementor-element elementor-element-47ec7799 elementor-widget elementor-widget-icon-box\" data-id=\"47ec7799\" data-element_type=\"widget\" data-widget_type=\"icon-box.default\">\n\t\t\t\t<div class=\"elementor-widget-container\">\n\t\t\t\t\t\t\t<div class=\"elementor-icon-box-wrapper\">\n\n\t\t\t\n\t\t\t\t\t\t<div class=\"elementor-icon-box-content\">\n\n\t\t\t\t\t\t\t\t\t<h5 class=\"elementor-icon-box-title\">\n\t\t\t\t\t\t<span  >\n\t\t\t\t\t\t\t\u041d\u0430\u043f\u0440\u0430\u0432\u043b\u0435\u043d\u0438\u044f\t\t\t\t\t\t<\/span>\n\t\t\t\t\t<\/h5>\n\t\t\t\t\n\t\t\t\t\t\t\t\t\t<p class=\"elementor-icon-box-description\">\n\t\t\t\t\t\t\u2022Pole Heels<br>\n\u2022Pole Sport<br>\n\t\t\t\t\t<\/p>\n\t\t\t\t\n\t\t\t<\/div>\n\t\t\t\n\t\t<\/div>\n\t\t\t\t\t\t<\/div>\n\t\t\t\t<\/div>\n\t\t\t\t\t<\/div>\n\t\t<\/div>\n\t\t\t\t\t<\/div>\n\t\t<\/section>\n\t\t\t\t<section class=\"elementor-section elementor-inner-section elementor-element elementor-element-49a6a60 elementor-section-boxed elementor-section-height-default elementor-section-height-default\" data-id=\"49a6a60\" data-element_type=\"section\">\n\t\t\t\t\t\t<div class=\"elementor-container elementor-column-gap-default\">\n\t\t\t\t\t<div class=\"elementor-column elementor-col-50 elementor-inner-column elementor-element elementor-element-bce92ac\" data-id=\"bce92ac\" data-element_type=\"column\">\n\t\t\t<div class=\"elementor-widget-wrap elementor-element-populated\">\n\t\t\t\t\t\t<div class=\"elementor-element elementor-element-930cfac elementor-view-stacked elementor-shape-circle elementor-widget elementor-widget-icon\" data-id=\"930cfac\" data-element_type=\"widget\" data-widget_type=\"icon.default\">\n\t\t\t\t<div class=\"elementor-widget-container\">\n\t\t\t\t\t\t\t<div class=\"elementor-icon-wrapper\">\n\t\t\t<div class=\"elementor-icon\">\n\t\t\t<svg aria-hidden=\"true\" class=\"e-font-icon-svg e-fas-graduation-cap\" viewbox=\"0 0 640 512\" xmlns=\"http:\/\/www.w3.org\/2000\/svg\"><path d=\"M622.34 153.2L343.4 67.5c-15.2-4.67-31.6-4.67-46.79 0L17.66 153.2c-23.54 7.23-23.54 38.36 0 45.59l48.63 14.94c-10.67 13.19-17.23 29.28-17.88 46.9C38.78 266.15 32 276.11 32 288c0 10.78 5.68 19.85 13.86 25.65L20.33 428.53C18.11 438.52 25.71 448 35.94 448h56.11c10.24 0 17.84-9.48 15.62-19.47L82.14 313.65C90.32 307.85 96 298.78 96 288c0-11.57-6.47-21.25-15.66-26.87.76-15.02 8.44-28.3 20.69-36.72L296.6 284.5c9.06 2.78 26.44 6.25 46.79 0l278.95-85.7c23.55-7.24 23.55-38.36 0-45.6zM352.79 315.09c-28.53 8.76-52.84 3.92-65.59 0l-145.02-44.55L128 384c0 35.35 85.96 64 192 64s192-28.65 192-64l-14.18-113.47-145.03 44.56z\"><\/path><\/svg>\t\t\t<\/div>\n\t\t<\/div>\n\t\t\t\t\t\t<\/div>\n\t\t\t\t<\/div>\n\t\t\t\t\t<\/div>\n\t\t<\/div>\n\t\t\t\t<div class=\"elementor-column elementor-col-50 elementor-inner-column elementor-element elementor-element-e71d539\" data-id=\"e71d539\" data-element_type=\"column\">\n\t\t\t<div class=\"elementor-widget-wrap elementor-element-populated\">\n\t\t\t\t\t\t<div class=\"elementor-element elementor-element-17287ac elementor-widget elementor-widget-icon-box\" data-id=\"17287ac\" data-element_type=\"widget\" data-widget_type=\"icon-box.default\">\n\t\t\t\t<div class=\"elementor-widget-container\">\n\t\t\t\t\t\t\t<div class=\"elementor-icon-box-wrapper\">\n\n\t\t\t\n\t\t\t\t\t\t<div class=\"elementor-icon-box-content\">\n\n\t\t\t\t\t\t\t\t\t<h5 class=\"elementor-icon-box-title\">\n\t\t\t\t\t\t<span  >\n\t\t\t\t\t\t\t\u0421\u0442\u0438\u043b\u044c \u0437\u0430\u043d\u044f\u0442\u0438\u0439\t\t\t\t\t\t<\/span>\n\t\t\t\t\t<\/h5>\n\t\t\t\t\n\t\t\t\t\t\t\t\t\t<p class=\"elementor-icon-box-description\">\n\t\t\t\t\t\t\u0410\u043d\u0430\u0441\u0442\u0430\u0441\u0438\u044f \u0441\u043e\u0447\u0435\u0442\u0430\u0435\u0442 \u0442\u0435\u0445\u043d\u0438\u0447\u0435\u0441\u043a\u0443\u044e \u0442\u043e\u0447\u043d\u043e\u0441\u0442\u044c \u0441 \u0447\u0443\u0432\u0441\u0442\u0432\u0435\u043d\u043d\u044b\u043c Pole Heels Flow. \u041d\u0430 \u0435\u0435 \u0437\u0430\u043d\u044f\u0442\u0438\u044f\u0445 \u0432\u044b \u043e\u0442\u0442\u043e\u0447\u0438\u0442\u0435 \u044d\u043b\u0435\u0433\u0430\u043d\u0442\u043d\u044b\u0435 \u0434\u0432\u0438\u0436\u0435\u043d\u0438\u044f \u0440\u0443\u043a, \u043f\u043b\u0430\u0432\u043d\u044b\u0435 \u043f\u0435\u0440\u0435\u0445\u043e\u0434\u044b \u0438 \u0438\u0441\u043a\u0443\u0441\u0441\u0442\u0432\u043e \u0442\u0430\u043d\u0446\u0435\u0432\u0430\u0442\u044c \u043d\u0430 \u0441\u043a\u043e\u0441\u0430\u0445, \u043d\u0435 \u0441\u0442\u0430\u0432\u044f \u043a\u0430\u0431\u043b\u0443\u043a\u0438 \u043d\u0430 \u043f\u043e\u043b. \u0412\u0430\u0441 \u0436\u0434\u0443\u0442 \u0440\u0430\u0437\u043d\u043e\u043e\u0431\u0440\u0430\u0437\u043d\u044b\u0435, \u043a\u0440\u0435\u0430\u0442\u0438\u0432\u043d\u044b\u0435 \u0445\u043e\u0440\u0435\u043e\u0433\u0440\u0430\u0444\u0438\u0438 \u043a\u0430\u043a \u0441\u0442\u043e\u044f, \u0442\u0430\u043a \u0438 \u0432 \u043f\u0430\u0440\u0442\u0435\u0440\u0435. \u0417\u0430\u043d\u044f\u0442\u0438\u044f \u0441\u043b\u043e\u0436\u043d\u044b\u0435, \u043d\u043e \u0433\u0430\u0440\u0430\u043d\u0442\u0438\u0440\u043e\u0432\u0430\u043d\u043d\u043e \u043d\u0435 \u0441\u043a\u0443\u0447\u043d\u044b\u0435: \u043f\u043e\u0441\u043b\u0435 \u043a\u0430\u0436\u0434\u043e\u0433\u043e \u0443\u0440\u043e\u043a\u0430 \u0432\u044b \u0441\u0442\u0430\u043d\u0435\u0442\u0435 \u0441\u0438\u043b\u044c\u043d\u0435\u0435, \u0433\u0438\u0431\u0447\u0435 \u0438 \u0443\u0432\u0435\u0440\u0435\u043d\u043d\u0435\u0435 \u0432 \u0441\u0435\u0431\u0435.\n\t\t\t\t\t<\/p>\n\t\t\t\t\n\t\t\t<\/div>\n\t\t\t\n\t\t<\/div>\n\t\t\t\t\t\t<\/div>\n\t\t\t\t<\/div>\n\t\t\t\t\t<\/div>\n\t\t<\/div>\n\t\t\t\t\t<\/div>\n\t\t<\/section>\n\t\t\t\t\t<\/div>\n\t\t<\/div>\n\t\t\t\t\t<\/div>\n\t\t<\/section>\n\t\t<div class=\"elementor-element elementor-element-d914120 e-flex e-con-boxed e-con e-parent\" data-id=\"d914120\" data-element_type=\"container\">\n\t\t\t\t\t<div class=\"e-con-inner\">\n\t\t\t\t<div class=\"elementor-element elementor-element-5fe2d0e elementor-widget elementor-widget-heading\" data-id=\"5fe2d0e\" data-element_type=\"widget\" data-widget_type=\"heading.default\">\n\t\t\t\t<div class=\"elementor-widget-container\">\n\t\t\t\t\t<h6 class=\"elementor-heading-title elementor-size-default\">\"\u0415\u0441\u043b\u0438 \u0432\u044b \u0433\u043e\u0442\u043e\u0432\u044b \u0441\u043e\u0435\u0434\u0438\u043d\u0438\u0442\u044c\u0441\u044f \u0441\u043e \u0441\u0432\u043e\u0435\u0439 \u0432\u043d\u0443\u0442\u0440\u0435\u043d\u043d\u0435\u0439 \u0441\u0438\u043b\u043e\u0439, \u043f\u0440\u0438\u043d\u044f\u0442\u044c \u0441\u0432\u043e\u044e \u0436\u0435\u043d\u0441\u0442\u0432\u0435\u043d\u043d\u043e\u0441\u0442\u044c \u0438 \u043e\u0441\u0442\u0430\u0432\u0430\u0442\u044c\u0441\u044f \u0432 \u0444\u043e\u0440\u043c\u0435 \u0441 \u043f\u043e\u043c\u043e\u0449\u044c\u044e \u0438\u0441\u043a\u0443\u0441\u0441\u0442\u0432\u0430 \u0442\u0430\u043d\u0446\u0430, \u043f\u0440\u0438\u0441\u043e\u0435\u0434\u0438\u043d\u044f\u0439\u0442\u0435\u0441\u044c \u043a \u043c\u043e\u0438\u043c \u0437\u0430\u043d\u044f\u0442\u0438\u044f\u043c! \u042f \u0441 \u0443\u0434\u043e\u0432\u043e\u043b\u044c\u0441\u0442\u0432\u0438\u0435\u043c \u043f\u043e\u0434\u0435\u043b\u044e\u0441\u044c \u0441 \u0432\u0430\u043c\u0438 \u0441\u0435\u043a\u0440\u0435\u0442\u0430\u043c\u0438 \u0438 \u0440\u0430\u0434\u043e\u0441\u0442\u044f\u043c\u0438 \u043c\u0438\u0440\u0430 pole dance.\"<\/h6>\t\t\t\t<\/div>\n\t\t\t\t<\/div>\n\t\t\t\t\t<\/div>\n\t\t\t\t<\/div>\n\t\t\t\t<section class=\"elementor-section elementor-top-section elementor-element elementor-element-53a4fc33 elementor-section-content-middle elementor-reverse-mobile elementor-section-boxed elementor-section-height-default elementor-section-height-default\" data-id=\"53a4fc33\" data-element_type=\"section\">\n\t\t\t\t\t\t<div class=\"elementor-container elementor-column-gap-default\">\n\t\t\t\t\t<div class=\"elementor-column elementor-col-50 elementor-top-column elementor-element elementor-element-6d9b3f86\" data-id=\"6d9b3f86\" data-element_type=\"column\">\n\t\t\t<div class=\"elementor-widget-wrap elementor-element-populated\">\n\t\t\t\t\t\t<div class=\"elementor-element elementor-element-315b4450 elementor-widget__width-initial elementor-absolute elementor-invisible elementor-widget elementor-widget-image\" data-id=\"315b4450\" data-element_type=\"widget\" data-settings=\"{&quot;_position&quot;:&quot;absolute&quot;,&quot;_animation&quot;:&quot;zoomIn&quot;}\" data-widget_type=\"image.default\">\n\t\t\t\t<div class=\"elementor-widget-container\">\n\t\t\t\t\t\t\t\t\t\t\t\t\t\t\t<img decoding=\"async\" width=\"563\" height=\"563\" src=\"https:\/\/www.waytopoleanddance.de\/wp-content\/uploads\/2025\/02\/Line-pattern-green-3.png\" class=\"attachment-large size-large wp-image-1318\" alt=\"\" srcset=\"https:\/\/www.waytopoleanddance.de\/wp-content\/uploads\/2025\/02\/Line-pattern-green-3.png 563w, https:\/\/www.waytopoleanddance.de\/wp-content\/uploads\/2025\/02\/Line-pattern-green-3-300x300.png 300w, https:\/\/www.waytopoleanddance.de\/wp-content\/uploads\/2025\/02\/Line-pattern-green-3-150x150.png 150w\" sizes=\"(max-width: 563px) 100vw, 563px\" \/>\t\t\t\t\t\t\t\t\t\t\t\t\t\t\t<\/div>\n\t\t\t\t<\/div>\n\t\t\t\t<section class=\"elementor-section elementor-inner-section elementor-element elementor-element-368b4905 animated-fast elementor-section-boxed elementor-section-height-default elementor-section-height-default elementor-invisible\" data-id=\"368b4905\" data-element_type=\"section\" data-settings=\"{&quot;animation&quot;:&quot;fadeIn&quot;}\">\n\t\t\t\t\t\t<div class=\"elementor-container elementor-column-gap-default\">\n\t\t\t\t\t<div class=\"elementor-column elementor-col-100 elementor-inner-column elementor-element elementor-element-62925ade\" data-id=\"62925ade\" data-element_type=\"column\" data-settings=\"{&quot;background_background&quot;:&quot;classic&quot;}\">\n\t\t\t<div class=\"elementor-widget-wrap elementor-element-populated\">\n\t\t\t\t\t\t<div class=\"elementor-element elementor-element-287cfddc elementor-widget elementor-widget-heading\" data-id=\"287cfddc\" data-element_type=\"widget\" data-widget_type=\"heading.default\">\n\t\t\t\t<div class=\"elementor-widget-container\">\n\t\t\t\t\t<h6 class=\"elementor-heading-title elementor-size-default\">\u0410\u043d\u0430\u0441\u0442\u0430\u0441\u0438\u044f<\/h6>\t\t\t\t<\/div>\n\t\t\t\t<\/div>\n\t\t\t\t<div class=\"elementor-element elementor-element-671f357b elementor-widget elementor-widget-heading\" data-id=\"671f357b\" data-element_type=\"widget\" data-widget_type=\"heading.default\">\n\t\t\t\t<div class=\"elementor-widget-container\">\n\t\t\t\t\t<h2 class=\"elementor-heading-title elementor-size-default\">\u0418\u043d\u0442\u0435\u0440\u0435\u0441\u043d\u044b\u0435 \u0444\u0430\u043a\u0442\u044b<\/h2>\t\t\t\t<\/div>\n\t\t\t\t<\/div>\n\t\t\t\t<div class=\"elementor-element elementor-element-d0ced4c elementor-widget elementor-widget-text-editor\" data-id=\"d0ced4c\" data-element_type=\"widget\" data-widget_type=\"text-editor.default\">\n\t\t\t\t<div class=\"elementor-widget-container\">\n\t\t\t\t\t\t\t\t\t<ul><li style=\"text-align: left;\">\u0422\u0430\u043d\u0446\u0443\u0435\u0442 \u0431\u043e\u043b\u0435\u0435 20 \u043b\u0435\u0442. \u0417\u0430\u043d\u0438\u043c\u0430\u043b\u0430\u0441\u044c \u0440\u0430\u0437\u043d\u044b\u043c\u0438 \u043d\u0430\u043f\u0440\u0430\u0432\u043b\u0435\u043d\u0438\u044f\u043c\u0438 \u043e\u0442 \u0431\u0430\u043b\u0435\u0442\u0430 \u0434\u043e \u0441\u043e\u0446\u0438\u0430\u043b\u044c\u043d\u044b\u0445 \u0442\u0430\u043d\u0446\u0435\u0432 \u0438 \u0432\u044b\u0441\u0442\u0443\u043f\u0430\u043b\u0430 \u043d\u0430 \u043c\u043d\u043e\u0433\u043e\u0447\u0438\u0441\u043b\u0435\u043d\u043d\u044b\u0445 \u0441\u043e\u0440\u0435\u0432\u043d\u043e\u0432\u0430\u043d\u0438\u044f\u0445<\/li><li style=\"text-align: left;\">7 \u043b\u0435\u0442 \u0440\u0430\u0431\u043e\u0442\u0430\u043b\u0430 \u0445\u043e\u0440\u0435\u043e\u0433\u0440\u0430\u0444\u043e\u043c \u0432 \u0434\u0435\u0442\u0441\u043a\u0438\u0445 \u0433\u0440\u0443\u043f\u043f\u0430\u0445<\/li><li style=\"text-align: left;\">\u041d\u0435\u0441\u043a\u043e\u043b\u044c\u043a\u043e \u0440\u0430\u0437 \u0432 \u0433\u043e\u0434 \u0432\u044b\u0441\u0442\u0443\u043f\u0430\u0435\u0442 \u043d\u0430 \u0440\u0430\u0437\u043b\u0438\u0447\u043d\u044b\u0445 \u0435\u0432\u0440\u043e\u043f\u0435\u0439\u0441\u043a\u0438\u0445 \u0441\u043e\u0440\u0435\u0432\u043d\u043e\u0432\u0430\u043d\u0438\u044f\u0445 \u043f\u043e \u043f\u0438\u043b\u043e\u043d\u0443, \u0433\u0434\u0435 \u0437\u0430\u043d\u0438\u043c\u0430\u043b\u0430 \u043f\u0440\u0438\u0437\u043e\u0432\u044b\u0435 \u0438 \u043f\u0435\u0440\u0432\u044b\u0435 \u043c\u0435\u0441\u0442\u0430<\/li><\/ul>\t\t\t\t\t\t\t\t<\/div>\n\t\t\t\t<\/div>\n\t\t\t\t\t<\/div>\n\t\t<\/div>\n\t\t\t\t\t<\/div>\n\t\t<\/section>\n\t\t\t\t\t<\/div>\n\t\t<\/div>\n\t\t\t\t<div class=\"elementor-column elementor-col-50 elementor-top-column elementor-element elementor-element-25e0386\" data-id=\"25e0386\" data-element_type=\"column\">\n\t\t\t<div class=\"elementor-widget-wrap elementor-element-populated\">\n\t\t\t\t\t\t<div class=\"elementor-element elementor-element-6731f6a5 elementor-widget elementor-widget-image\" data-id=\"6731f6a5\" data-element_type=\"widget\" data-widget_type=\"image.default\">\n\t\t\t\t<div class=\"elementor-widget-container\">\n\t\t\t\t\t\t\t\t\t\t\t\t\t\t\t<img decoding=\"async\" width=\"1440\" height=\"1439\" src=\"https:\/\/www.waytopoleanddance.de\/wp-content\/uploads\/2024\/11\/IMG-20241115-WA00042.jpg\" class=\"attachment-full size-full wp-image-683\" alt=\"\" srcset=\"https:\/\/www.waytopoleanddance.de\/wp-content\/uploads\/2024\/11\/IMG-20241115-WA00042.jpg 1440w, https:\/\/www.waytopoleanddance.de\/wp-content\/uploads\/2024\/11\/IMG-20241115-WA00042-300x300.jpg 300w, https:\/\/www.waytopoleanddance.de\/wp-content\/uploads\/2024\/11\/IMG-20241115-WA00042-1024x1024.jpg 1024w, https:\/\/www.waytopoleanddance.de\/wp-content\/uploads\/2024\/11\/IMG-20241115-WA00042-150x150.jpg 150w, https:\/\/www.waytopoleanddance.de\/wp-content\/uploads\/2024\/11\/IMG-20241115-WA00042-768x767.jpg 768w\" sizes=\"(max-width: 1440px) 100vw, 1440px\" \/>\t\t\t\t\t\t\t\t\t\t\t\t\t\t\t<\/div>\n\t\t\t\t<\/div>\n\t\t\t\t\t<\/div>\n\t\t<\/div>\n\t\t\t\t\t<\/div>\n\t\t<\/section>\n\t\t\t\t<\/div>","protected":false},"excerpt":{"rendered":"<p>Anastasia Hauptseite Lehrerin Lehrerin Anastasia Unterrichtete Kurse \u2022Pole Heels \u2022Pole Sport Unterrichtsstil Anastasia verbindet technische Pr\u00e4zision mit sinnlichem Pole Heels Flow. In ihren Kursen perfektionierst du elegante Armf\u00fchrung, flie\u00dfende \u00dcberg\u00e4nge und die Kunst, auf Platform-Heels zu tanzen, ohne die Abs\u00e4tze abzusetzen. Dich erwarten abwechslungsreiche, kreative Choreografien \u2013 im Stand und am Boden. Die Kurse sind [&hellip;]<\/p>","protected":false},"author":1,"featured_media":0,"parent":0,"menu_order":0,"comment_status":"closed","ping_status":"closed","template":"elementor_header_footer","meta":{"footnotes":""},"class_list":["post-1278","page","type-page","status-publish","hentry"],"_links":{"self":[{"href":"https:\/\/www.waytopoleanddance.de\/ru\/wp-json\/wp\/v2\/pages\/1278","targetHints":{"allow":["GET"]}}],"collection":[{"href":"https:\/\/www.waytopoleanddance.de\/ru\/wp-json\/wp\/v2\/pages"}],"about":[{"href":"https:\/\/www.waytopoleanddance.de\/ru\/wp-json\/wp\/v2\/types\/page"}],"author":[{"embeddable":true,"href":"https:\/\/www.waytopoleanddance.de\/ru\/wp-json\/wp\/v2\/users\/1"}],"replies":[{"embeddable":true,"href":"https:\/\/www.waytopoleanddance.de\/ru\/wp-json\/wp\/v2\/comments?post=1278"}],"version-history":[{"count":48,"href":"https:\/\/www.waytopoleanddance.de\/ru\/wp-json\/wp\/v2\/pages\/1278\/revisions"}],"predecessor-version":[{"id":4283,"href":"https:\/\/www.waytopoleanddance.de\/ru\/wp-json\/wp\/v2\/pages\/1278\/revisions\/4283"}],"wp:attachment":[{"href":"https:\/\/www.waytopoleanddance.de\/ru\/wp-json\/wp\/v2\/media?parent=1278"}],"curies":[{"name":"wp","href":"https:\/\/api.w.org\/{rel}","templated":true}]}}