{"id":4286,"date":"2025-10-27T17:19:26","date_gmt":"2025-10-27T16:19:26","guid":{"rendered":"https:\/\/www.waytopoleanddance.de\/?page_id=4286"},"modified":"2025-10-27T17:23:50","modified_gmt":"2025-10-27T16:23:50","slug":"baroness-bunny","status":"publish","type":"page","link":"https:\/\/www.waytopoleanddance.de\/ru\/baroness-bunny\/","title":{"rendered":"Baroness Bunny"},"content":{"rendered":"<div data-elementor-type=\"wp-page\" data-elementor-id=\"4286\" class=\"elementor elementor-4286\" data-elementor-post-type=\"page\">\n\t\t\t\t\t\t<section class=\"elementor-section elementor-top-section elementor-element elementor-element-2fb4410 elementor-section-boxed elementor-section-height-default elementor-section-height-default\" data-id=\"2fb4410\" data-element_type=\"section\" data-settings=\"{&quot;background_background&quot;:&quot;classic&quot;}\">\n\t\t\t\t\t\t\t<div class=\"elementor-background-overlay\"><\/div>\n\t\t\t\t\t\t\t<div class=\"elementor-container elementor-column-gap-default\">\n\t\t\t\t\t<div class=\"elementor-column elementor-col-100 elementor-top-column elementor-element elementor-element-42166cbd\" data-id=\"42166cbd\" data-element_type=\"column\">\n\t\t\t<div class=\"elementor-widget-wrap elementor-element-populated\">\n\t\t\t\t\t\t<div class=\"elementor-element elementor-element-4599740f elementor-invisible elementor-widget elementor-widget-heading\" data-id=\"4599740f\" data-element_type=\"widget\" data-settings=\"{&quot;_animation&quot;:&quot;fadeInDown&quot;}\" data-widget_type=\"heading.default\">\n\t\t\t\t<div class=\"elementor-widget-container\">\n\t\t\t\t\t<h1 class=\"elementor-heading-title elementor-size-default\">Baroness Bunny<\/h1>\t\t\t\t<\/div>\n\t\t\t\t<\/div>\n\t\t\t\t<section class=\"elementor-section elementor-inner-section elementor-element elementor-element-6d886c54 elementor-section-content-middle elementor-section-boxed elementor-section-height-default elementor-section-height-default elementor-invisible\" data-id=\"6d886c54\" data-element_type=\"section\" data-settings=\"{&quot;animation&quot;:&quot;fadeInDown&quot;}\">\n\t\t\t\t\t\t<div class=\"elementor-container elementor-column-gap-default\">\n\t\t\t\t\t<div class=\"elementor-column elementor-col-100 elementor-inner-column elementor-element elementor-element-f1f04e9\" data-id=\"f1f04e9\" data-element_type=\"column\">\n\t\t\t<div class=\"elementor-widget-wrap elementor-element-populated\">\n\t\t\t\t\t\t<div class=\"elementor-element elementor-element-14737bb4 elementor-widget__width-auto elementor-widget elementor-widget-heading\" data-id=\"14737bb4\" data-element_type=\"widget\" data-widget_type=\"heading.default\">\n\t\t\t\t<div class=\"elementor-widget-container\">\n\t\t\t\t\t<h6 class=\"elementor-heading-title elementor-size-default\"><a href=\"#\">\u0413\u043b\u0430\u0432\u043d\u0430\u044f<\/a><\/h6>\t\t\t\t<\/div>\n\t\t\t\t<\/div>\n\t\t\t\t<div class=\"elementor-element elementor-element-1f2e840 elementor-widget__width-auto elementor-widget elementor-widget-heading\" data-id=\"1f2e840\" data-element_type=\"widget\" data-widget_type=\"heading.default\">\n\t\t\t\t<div class=\"elementor-widget-container\">\n\t\t\t\t\t<h6 class=\"elementor-heading-title elementor-size-default\">\u041f\u0440\u0435\u043f\u043e\u0434\u0430\u0432\u0430\u0442\u0435\u043b\u0438<\/h6>\t\t\t\t<\/div>\n\t\t\t\t<\/div>\n\t\t\t\t\t<\/div>\n\t\t<\/div>\n\t\t\t\t\t<\/div>\n\t\t<\/section>\n\t\t\t\t\t<\/div>\n\t\t<\/div>\n\t\t\t\t\t<\/div>\n\t\t<\/section>\n\t\t\t\t<section class=\"elementor-section elementor-top-section elementor-element elementor-element-520548e2 elementor-section-content-middle elementor-section-boxed elementor-section-height-default elementor-section-height-default\" data-id=\"520548e2\" data-element_type=\"section\">\n\t\t\t\t\t\t<div class=\"elementor-container elementor-column-gap-no\">\n\t\t\t\t\t<div class=\"elementor-column elementor-col-50 elementor-top-column elementor-element elementor-element-7b297e09\" data-id=\"7b297e09\" data-element_type=\"column\">\n\t\t\t<div class=\"elementor-widget-wrap elementor-element-populated\">\n\t\t\t\t\t\t<div class=\"elementor-element elementor-element-14c14410 elementor-widget elementor-widget-image\" data-id=\"14c14410\" data-element_type=\"widget\" data-widget_type=\"image.default\">\n\t\t\t\t<div class=\"elementor-widget-container\">\n\t\t\t\t\t\t\t\t\t\t\t\t\t\t\t<img fetchpriority=\"high\" decoding=\"async\" width=\"800\" height=\"1000\" src=\"https:\/\/www.waytopoleanddance.de\/wp-content\/uploads\/2025\/10\/StudioX_Bunny_05-819x1024.jpg\" class=\"attachment-large size-large wp-image-4289\" alt=\"\" srcset=\"https:\/\/www.waytopoleanddance.de\/wp-content\/uploads\/2025\/10\/StudioX_Bunny_05-819x1024.jpg 819w, https:\/\/www.waytopoleanddance.de\/wp-content\/uploads\/2025\/10\/StudioX_Bunny_05-240x300.jpg 240w, https:\/\/www.waytopoleanddance.de\/wp-content\/uploads\/2025\/10\/StudioX_Bunny_05-768x960.jpg 768w, https:\/\/www.waytopoleanddance.de\/wp-content\/uploads\/2025\/10\/StudioX_Bunny_05-1229x1536.jpg 1229w, https:\/\/www.waytopoleanddance.de\/wp-content\/uploads\/2025\/10\/StudioX_Bunny_05-1638x2048.jpg 1638w, https:\/\/www.waytopoleanddance.de\/wp-content\/uploads\/2025\/10\/StudioX_Bunny_05-10x12.jpg 10w, https:\/\/www.waytopoleanddance.de\/wp-content\/uploads\/2025\/10\/StudioX_Bunny_05.jpg 2048w\" sizes=\"(max-width: 800px) 100vw, 800px\" \/>\t\t\t\t\t\t\t\t\t\t\t\t\t\t\t<\/div>\n\t\t\t\t<\/div>\n\t\t\t\t<div class=\"elementor-element elementor-element-1a9b1551 elementor-widget__width-initial elementor-absolute elementor-widget-mobile__width-initial elementor-invisible elementor-widget elementor-widget-image\" data-id=\"1a9b1551\" data-element_type=\"widget\" data-settings=\"{&quot;_position&quot;:&quot;absolute&quot;,&quot;_animation&quot;:&quot;zoomIn&quot;}\" data-widget_type=\"image.default\">\n\t\t\t\t<div class=\"elementor-widget-container\">\n\t\t\t\t\t\t\t\t\t\t\t\t\t\t\t<img decoding=\"async\" width=\"531\" height=\"531\" src=\"https:\/\/www.waytopoleanddance.de\/wp-content\/uploads\/2025\/02\/line-pattern-01.png\" class=\"attachment-large size-large wp-image-1004\" alt=\"\" srcset=\"https:\/\/www.waytopoleanddance.de\/wp-content\/uploads\/2025\/02\/line-pattern-01.png 531w, https:\/\/www.waytopoleanddance.de\/wp-content\/uploads\/2025\/02\/line-pattern-01-300x300.png 300w, https:\/\/www.waytopoleanddance.de\/wp-content\/uploads\/2025\/02\/line-pattern-01-150x150.png 150w\" sizes=\"(max-width: 531px) 100vw, 531px\" \/>\t\t\t\t\t\t\t\t\t\t\t\t\t\t\t<\/div>\n\t\t\t\t<\/div>\n\t\t\t\t\t<\/div>\n\t\t<\/div>\n\t\t\t\t<div class=\"elementor-column elementor-col-50 elementor-top-column elementor-element elementor-element-84c15de\" data-id=\"84c15de\" data-element_type=\"column\">\n\t\t\t<div class=\"elementor-widget-wrap elementor-element-populated\">\n\t\t\t\t\t\t<div class=\"elementor-element elementor-element-280d7ae8 elementor-widget elementor-widget-heading\" data-id=\"280d7ae8\" data-element_type=\"widget\" data-widget_type=\"heading.default\">\n\t\t\t\t<div class=\"elementor-widget-container\">\n\t\t\t\t\t<h6 class=\"elementor-heading-title elementor-size-default\">\u041f\u0440\u0435\u043f\u043e\u0434\u0430\u0432\u0430\u0442\u0435\u043b\u044c<\/h6>\t\t\t\t<\/div>\n\t\t\t\t<\/div>\n\t\t\t\t<div class=\"elementor-element elementor-element-5eb6a62 elementor-widget elementor-widget-heading\" data-id=\"5eb6a62\" data-element_type=\"widget\" data-widget_type=\"heading.default\">\n\t\t\t\t<div class=\"elementor-widget-container\">\n\t\t\t\t\t<h2 class=\"elementor-heading-title elementor-size-default\">Baroness Bunny<\/h2>\t\t\t\t<\/div>\n\t\t\t\t<\/div>\n\t\t\t\t<section class=\"elementor-section elementor-inner-section elementor-element elementor-element-28439ed5 elementor-section-boxed elementor-section-height-default elementor-section-height-default\" data-id=\"28439ed5\" data-element_type=\"section\">\n\t\t\t\t\t\t<div class=\"elementor-container elementor-column-gap-default\">\n\t\t\t\t\t<div class=\"elementor-column elementor-col-50 elementor-inner-column elementor-element elementor-element-1df4433f\" data-id=\"1df4433f\" data-element_type=\"column\">\n\t\t\t<div class=\"elementor-widget-wrap elementor-element-populated\">\n\t\t\t\t\t\t<div class=\"elementor-element elementor-element-7d3e8c48 elementor-view-stacked elementor-shape-circle elementor-widget elementor-widget-icon\" data-id=\"7d3e8c48\" data-element_type=\"widget\" data-widget_type=\"icon.default\">\n\t\t\t\t<div class=\"elementor-widget-container\">\n\t\t\t\t\t\t\t<div class=\"elementor-icon-wrapper\">\n\t\t\t<div class=\"elementor-icon\">\n\t\t\t<svg aria-hidden=\"true\" class=\"e-font-icon-svg e-fas-heart\" viewbox=\"0 0 512 512\" xmlns=\"http:\/\/www.w3.org\/2000\/svg\"><path d=\"M462.3 62.6C407.5 15.9 326 24.3 275.7 76.2L256 96.5l-19.7-20.3C186.1 24.3 104.5 15.9 49.7 62.6c-62.8 53.6-66.1 149.8-9.9 207.9l193.5 199.8c12.5 12.9 32.8 12.9 45.3 0l193.5-199.8c56.3-58.1 53-154.3-9.8-207.9z\"><\/path><\/svg>\t\t\t<\/div>\n\t\t<\/div>\n\t\t\t\t\t\t<\/div>\n\t\t\t\t<\/div>\n\t\t\t\t\t<\/div>\n\t\t<\/div>\n\t\t\t\t<div class=\"elementor-column elementor-col-50 elementor-inner-column elementor-element elementor-element-38496bff\" data-id=\"38496bff\" data-element_type=\"column\">\n\t\t\t<div class=\"elementor-widget-wrap elementor-element-populated\">\n\t\t\t\t\t\t<div class=\"elementor-element elementor-element-3820da43 elementor-widget elementor-widget-icon-box\" data-id=\"3820da43\" data-element_type=\"widget\" data-widget_type=\"icon-box.default\">\n\t\t\t\t<div class=\"elementor-widget-container\">\n\t\t\t\t\t\t\t<div class=\"elementor-icon-box-wrapper\">\n\n\t\t\t\n\t\t\t\t\t\t<div class=\"elementor-icon-box-content\">\n\n\t\t\t\t\t\t\t\t\t<h5 class=\"elementor-icon-box-title\">\n\t\t\t\t\t\t<span  >\n\t\t\t\t\t\t\t\u041d\u0430\u043f\u0440\u0430\u0432\u043b\u0435\u043d\u0438\u044f\t\t\t\t\t\t<\/span>\n\t\t\t\t\t<\/h5>\n\t\t\t\t\n\t\t\t\t\t\t\t\t\t<p class=\"elementor-icon-box-description\">\n\t\t\t\t\t\t\u2022Pole Heels <br>\n\u2022Pole Dance <br>\n\u2022Pole Sport<br>\n\u2022Active Stretching (Splits)\t\t\t\t\t<\/p>\n\t\t\t\t\n\t\t\t<\/div>\n\t\t\t\n\t\t<\/div>\n\t\t\t\t\t\t<\/div>\n\t\t\t\t<\/div>\n\t\t\t\t\t<\/div>\n\t\t<\/div>\n\t\t\t\t\t<\/div>\n\t\t<\/section>\n\t\t\t\t<section class=\"elementor-section elementor-inner-section elementor-element elementor-element-1b9348cd elementor-section-boxed elementor-section-height-default elementor-section-height-default\" data-id=\"1b9348cd\" data-element_type=\"section\">\n\t\t\t\t\t\t<div class=\"elementor-container elementor-column-gap-default\">\n\t\t\t\t\t<div class=\"elementor-column elementor-col-50 elementor-inner-column elementor-element elementor-element-6c69c896\" data-id=\"6c69c896\" data-element_type=\"column\">\n\t\t\t<div class=\"elementor-widget-wrap elementor-element-populated\">\n\t\t\t\t\t\t<div class=\"elementor-element elementor-element-4757e438 elementor-view-stacked elementor-shape-circle elementor-widget elementor-widget-icon\" data-id=\"4757e438\" data-element_type=\"widget\" data-widget_type=\"icon.default\">\n\t\t\t\t<div class=\"elementor-widget-container\">\n\t\t\t\t\t\t\t<div class=\"elementor-icon-wrapper\">\n\t\t\t<div class=\"elementor-icon\">\n\t\t\t<svg aria-hidden=\"true\" class=\"e-font-icon-svg e-fas-graduation-cap\" viewbox=\"0 0 640 512\" xmlns=\"http:\/\/www.w3.org\/2000\/svg\"><path d=\"M622.34 153.2L343.4 67.5c-15.2-4.67-31.6-4.67-46.79 0L17.66 153.2c-23.54 7.23-23.54 38.36 0 45.59l48.63 14.94c-10.67 13.19-17.23 29.28-17.88 46.9C38.78 266.15 32 276.11 32 288c0 10.78 5.68 19.85 13.86 25.65L20.33 428.53C18.11 438.52 25.71 448 35.94 448h56.11c10.24 0 17.84-9.48 15.62-19.47L82.14 313.65C90.32 307.85 96 298.78 96 288c0-11.57-6.47-21.25-15.66-26.87.76-15.02 8.44-28.3 20.69-36.72L296.6 284.5c9.06 2.78 26.44 6.25 46.79 0l278.95-85.7c23.55-7.24 23.55-38.36 0-45.6zM352.79 315.09c-28.53 8.76-52.84 3.92-65.59 0l-145.02-44.55L128 384c0 35.35 85.96 64 192 64s192-28.65 192-64l-14.18-113.47-145.03 44.56z\"><\/path><\/svg>\t\t\t<\/div>\n\t\t<\/div>\n\t\t\t\t\t\t<\/div>\n\t\t\t\t<\/div>\n\t\t\t\t\t<\/div>\n\t\t<\/div>\n\t\t\t\t<div class=\"elementor-column elementor-col-50 elementor-inner-column elementor-element elementor-element-69550742\" data-id=\"69550742\" data-element_type=\"column\">\n\t\t\t<div class=\"elementor-widget-wrap elementor-element-populated\">\n\t\t\t\t\t\t<div class=\"elementor-element elementor-element-394c17ec elementor-widget elementor-widget-icon-box\" data-id=\"394c17ec\" data-element_type=\"widget\" data-widget_type=\"icon-box.default\">\n\t\t\t\t<div class=\"elementor-widget-container\">\n\t\t\t\t\t\t\t<div class=\"elementor-icon-box-wrapper\">\n\n\t\t\t\n\t\t\t\t\t\t<div class=\"elementor-icon-box-content\">\n\n\t\t\t\t\t\t\t\t\t<h5 class=\"elementor-icon-box-title\">\n\t\t\t\t\t\t<span  >\n\t\t\t\t\t\t\t\u0421\u0442\u0438\u043b\u044c \u0437\u0430\u043d\u044f\u0442\u0438\u0439\t\t\t\t\t\t<\/span>\n\t\t\t\t\t<\/h5>\n\t\t\t\t\n\t\t\t\t\t\t\t\t\t<p class=\"elementor-icon-box-description\">\n\t\t\t\t\t\t\u0415\u0451 \u0441\u0442\u0438\u043b\u044c \u043f\u0440\u0435\u043f\u043e\u0434\u0430\u0432\u0430\u043d\u0438\u044f \u043e\u0447\u0435\u043d\u044c \u0442\u0435\u0445\u043d\u0438\u0447\u0435\u0441\u043a\u0438\u0439 \u0438 \u043e\u0441\u043d\u043e\u0432\u0430\u043d \u043d\u0430 \u043a\u043b\u0430\u0441\u0441\u0438\u0447\u0435\u0441\u043a\u043e\u0439 \u043f\u043e\u0434\u0433\u043e\u0442\u043e\u0432\u043a\u0435 \u0432 \u0431\u0430\u043b\u0435\u0442\u0435 \u0438 \u0434\u0436\u0430\u0437\u0435. \u041e\u043d\u0430 \u0434\u0435\u043b\u0430\u0435\u0442 \u0430\u043a\u0446\u0435\u043d\u0442 \u043d\u0430 \u0431\u0435\u0437\u043e\u043f\u0430\u0441\u043d\u043e\u0439 \u0442\u0435\u0445\u043d\u0438\u043a\u0435, \u0447\u0438\u0441\u0442\u044b\u0445 \u043b\u0438\u043d\u0438\u044f\u0445 \u0438 \u0441\u043e\u0437\u0434\u0430\u043d\u0438\u0438 \u043f\u0440\u043e\u0447\u043d\u043e\u0433\u043e \u0444\u0443\u043d\u0434\u0430\u043c\u0435\u043d\u0442\u0430 \u043d\u0430 \u0434\u043e\u043b\u0433\u043e\u0441\u0440\u043e\u0447\u043d\u0443\u044e \u043f\u0435\u0440\u0441\u043f\u0435\u043a\u0442\u0438\u0432\u0443, \u0430 \u043d\u0435 \u043d\u0430 \u043a\u0440\u0430\u0442\u043a\u043e\u0432\u0440\u0435\u043c\u0435\u043d\u043d\u043e\u0439 \u043e\u0442\u0434\u0430\u0447\u0435. \u041e\u043d\u0430 \u0434\u0430\u0451\u0442 \u043a\u043e\u043d\u0441\u0442\u0440\u0443\u043a\u0442\u0438\u0432\u043d\u0443\u044e \u043a\u0440\u0438\u0442\u0438\u043a\u0443 \u0438 \u043f\u0440\u0435\u0434\u043b\u0430\u0433\u0430\u0435\u0442 \u0441\u0442\u0440\u0443\u043a\u0442\u0443\u0440\u0438\u0440\u043e\u0432\u0430\u043d\u043d\u0443\u044e \u043f\u0440\u043e\u0433\u0440\u0435\u0441\u0441\u0438\u044e, \u0447\u0442\u043e\u0431\u044b \u043c\u0430\u043a\u0441\u0438\u043c\u0430\u043b\u044c\u043d\u043e \u0440\u0430\u0441\u043a\u0440\u044b\u0442\u044c \u0430\u0440\u0442\u0438\u0441\u0442\u0438\u0437\u043c \u0443\u0447\u0435\u043d\u0438\u043a\u043e\u0432, \u043d\u0430\u043f\u0440\u0430\u0432\u043b\u044f\u044f \u0438\u0445 \u0432 \u0442\u043e\u043c, \u043a\u0430\u043a \u0432\u043b\u0430\u0434\u0435\u0442\u044c \u043f\u0440\u043e\u0441\u0442\u0440\u0430\u043d\u0441\u0442\u0432\u043e\u043c, \u0438\u0437\u043b\u0443\u0447\u0430\u0442\u044c \u0443\u0432\u0435\u0440\u0435\u043d\u043d\u043e\u0441\u0442\u044c \u0438 \u0441\u043e\u0437\u0434\u0430\u0432\u0430\u0442\u044c \u043d\u0435\u0437\u0430\u0431\u044b\u0432\u0430\u0435\u043c\u044b\u0435 \u043c\u043e\u043c\u0435\u043d\u0442\u044b, \u043a\u043e\u0442\u043e\u0440\u044b\u0435 \u043d\u0430\u0434\u043e\u043b\u0433\u043e \u043e\u0441\u0442\u0430\u044e\u0442\u0441\u044f \u0432 \u043f\u0430\u043c\u044f\u0442\u0438 \u0437\u0440\u0438\u0442\u0435\u043b\u0435\u0439.<br>\t\t\t\t\t<\/p>\n\t\t\t\t\n\t\t\t<\/div>\n\t\t\t\n\t\t<\/div>\n\t\t\t\t\t\t<\/div>\n\t\t\t\t<\/div>\n\t\t\t\t\t<\/div>\n\t\t<\/div>\n\t\t\t\t\t<\/div>\n\t\t<\/section>\n\t\t\t\t\t<\/div>\n\t\t<\/div>\n\t\t\t\t\t<\/div>\n\t\t<\/section>\n\t\t<div class=\"elementor-element elementor-element-370802a e-flex e-con-boxed e-con e-parent\" data-id=\"370802a\" data-element_type=\"container\">\n\t\t\t\t\t<div class=\"e-con-inner\">\n\t\t\t\t<div class=\"elementor-element elementor-element-5e6e7f7 elementor-widget elementor-widget-text-editor\" data-id=\"5e6e7f7\" data-element_type=\"widget\" data-widget_type=\"text-editor.default\">\n\t\t\t\t<div class=\"elementor-widget-container\">\n\t\t\t\t\t\t\t\t\t<blockquote><p><span style=\"color: #008080;\"><strong>\u201e\u4eba\u5916\u6709\u4eba\uff0c\u5929\u5916\u6709\u5929\u201c (r\u00e9n w\u00e0i y\u01d2u r\u00e9n, ti\u0101n w\u00e0i y\u01d2u ti\u0101n) - \u0412\u0441\u0435\u0433\u0434\u0430 \u043d\u0430\u0439\u0434\u0451\u0442\u0441\u044f \u0447\u0435\u043b\u043e\u0432\u0435\u043a \u0432\u044b\u0448\u0435 \u0447\u0435\u043b\u043e\u0432\u0435\u043a\u0430, \u0438 \u043d\u0435\u0431\u043e \u0432\u044b\u0448\u0435 \u043d\u0435\u0431\u0430.<\/strong><\/span><\/p><\/blockquote>\t\t\t\t\t\t\t\t<\/div>\n\t\t\t\t<\/div>\n\t\t\t\t\t<\/div>\n\t\t\t\t<\/div>\n\t\t\t\t<section class=\"elementor-section elementor-top-section elementor-element elementor-element-3fe0c794 elementor-section-content-middle elementor-reverse-mobile elementor-section-boxed elementor-section-height-default elementor-section-height-default\" data-id=\"3fe0c794\" data-element_type=\"section\">\n\t\t\t\t\t\t<div class=\"elementor-container elementor-column-gap-default\">\n\t\t\t\t\t<div class=\"elementor-column elementor-col-50 elementor-top-column elementor-element elementor-element-69473e30\" data-id=\"69473e30\" data-element_type=\"column\">\n\t\t\t<div class=\"elementor-widget-wrap elementor-element-populated\">\n\t\t\t\t\t\t<div class=\"elementor-element elementor-element-47f7f537 elementor-widget__width-initial elementor-absolute elementor-invisible elementor-widget elementor-widget-image\" data-id=\"47f7f537\" data-element_type=\"widget\" data-settings=\"{&quot;_position&quot;:&quot;absolute&quot;,&quot;_animation&quot;:&quot;zoomIn&quot;}\" data-widget_type=\"image.default\">\n\t\t\t\t<div class=\"elementor-widget-container\">\n\t\t\t\t\t\t\t\t\t\t\t\t\t\t\t<img decoding=\"async\" width=\"531\" height=\"531\" src=\"https:\/\/www.waytopoleanddance.de\/wp-content\/uploads\/2025\/02\/line-pattern-01.png\" class=\"attachment-large size-large wp-image-1004\" alt=\"\" srcset=\"https:\/\/www.waytopoleanddance.de\/wp-content\/uploads\/2025\/02\/line-pattern-01.png 531w, https:\/\/www.waytopoleanddance.de\/wp-content\/uploads\/2025\/02\/line-pattern-01-300x300.png 300w, https:\/\/www.waytopoleanddance.de\/wp-content\/uploads\/2025\/02\/line-pattern-01-150x150.png 150w\" sizes=\"(max-width: 531px) 100vw, 531px\" \/>\t\t\t\t\t\t\t\t\t\t\t\t\t\t\t<\/div>\n\t\t\t\t<\/div>\n\t\t\t\t<section class=\"elementor-section elementor-inner-section elementor-element elementor-element-31dc1742 animated-fast elementor-section-boxed elementor-section-height-default elementor-section-height-default elementor-invisible\" data-id=\"31dc1742\" data-element_type=\"section\" data-settings=\"{&quot;animation&quot;:&quot;fadeIn&quot;}\">\n\t\t\t\t\t\t<div class=\"elementor-container elementor-column-gap-default\">\n\t\t\t\t\t<div class=\"elementor-column elementor-col-100 elementor-inner-column elementor-element elementor-element-4d0a64ba\" data-id=\"4d0a64ba\" data-element_type=\"column\" data-settings=\"{&quot;background_background&quot;:&quot;classic&quot;}\">\n\t\t\t<div class=\"elementor-widget-wrap elementor-element-populated\">\n\t\t\t\t\t\t<div class=\"elementor-element elementor-element-147a0cf elementor-widget elementor-widget-heading\" data-id=\"147a0cf\" data-element_type=\"widget\" data-widget_type=\"heading.default\">\n\t\t\t\t<div class=\"elementor-widget-container\">\n\t\t\t\t\t<h6 class=\"elementor-heading-title elementor-size-default\">Bunny<\/h6>\t\t\t\t<\/div>\n\t\t\t\t<\/div>\n\t\t\t\t<div class=\"elementor-element elementor-element-5675cfe8 elementor-widget elementor-widget-heading\" data-id=\"5675cfe8\" data-element_type=\"widget\" data-widget_type=\"heading.default\">\n\t\t\t\t<div class=\"elementor-widget-container\">\n\t\t\t\t\t<h2 class=\"elementor-heading-title elementor-size-default\">\u0438\u043d\u0442\u0435\u0440\u0435\u0441\u043d\u044b\u0435 \u0444\u0430\u043a\u0442\u044b<\/h2>\t\t\t\t<\/div>\n\t\t\t\t<\/div>\n\t\t\t\t<div class=\"elementor-element elementor-element-2bf188d9 elementor-widget elementor-widget-text-editor\" data-id=\"2bf188d9\" data-element_type=\"widget\" data-widget_type=\"text-editor.default\">\n\t\t\t\t<div class=\"elementor-widget-container\">\n\t\t\t\t\t\t\t\t\t<ul><li style=\"text-align: left;\">\u041e\u043d\u0430 \u0440\u043e\u0434\u0438\u043b\u0430\u0441\u044c \u0432 \u041a\u0438\u0442\u0430\u0435.<\/li><li style=\"text-align: left;\"><p>1 \u043c\u0435\u0441\u0442\u043e, \u0427\u0435\u043c\u043f\u0438\u043e\u043d\u0430\u0442 \u041a\u0430\u043d\u0430\u0434\u044b \u043f\u043e \u043f\u043e\u043b-\u0434\u044d\u043d\u0441\u0443 \u0438 \u0432\u043e\u0437\u0434\u0443\u0448\u043d\u043e\u043c\u0443 \u0442\u0430\u043d\u0446\u0443 West \u2013 Artistic (2024)<br \/>1 \u043c\u0435\u0441\u0442\u043e, Skrippeddown \u2013 All-Out (2023)<br \/>1-\u0435 \u043c\u0435\u0441\u0442\u043e, PSO Canada West &amp; After Dark \u2013 RX (2023)<\/p><\/li><li style=\"text-align: left;\">\u0415\u0435 \u0441\u0446\u0435\u043d\u0438\u0447\u0435\u0441\u043a\u0438\u0439 \u043f\u0441\u0435\u0432\u0434\u043e\u043d\u0438\u043c \u043f\u0440\u043e\u0438\u0441\u0445\u043e\u0434\u0438\u0442 \u043e\u0442 \u043f\u043e\u043f\u0443\u043b\u044f\u0440\u043d\u043e\u0433\u043e \u043f\u0435\u0440\u0441\u043e\u043d\u0430\u0436\u0430 \u0432\u0438\u0434\u0435\u043e\u0438\u0433\u0440\u044b, \u0431\u0430\u0440\u043e\u043d\u0430 \u0411\u0430\u043d\u043d\u0438. \u042d\u0442\u043e \u0442\u0430\u043d\u0446\u0443\u044e\u0449\u0430\u044f \u043a\u0443\u043a\u043b\u0430, \u043a\u043e\u0442\u043e\u0440\u0430\u044f \u043f\u0440\u0438\u0432\u043b\u0435\u043a\u0430\u0435\u0442 \u0432\u0440\u0430\u0433\u043e\u0432 \u043c\u0438\u043b\u044b\u043c \u0442\u0430\u043d\u0446\u0435\u043c, \u0430 \u0437\u0430\u0442\u0435\u043c \u043f\u0440\u0435\u0432\u0440\u0430\u0449\u0430\u0435\u0442\u0441\u044f \u0432 \u043e\u0433\u043d\u0435\u043d\u043d\u0443\u044e \u0431\u043e\u043c\u0431\u0443.<\/li><\/ul>\t\t\t\t\t\t\t\t<\/div>\n\t\t\t\t<\/div>\n\t\t\t\t\t<\/div>\n\t\t<\/div>\n\t\t\t\t\t<\/div>\n\t\t<\/section>\n\t\t\t\t\t<\/div>\n\t\t<\/div>\n\t\t\t\t<div class=\"elementor-column elementor-col-50 elementor-top-column elementor-element elementor-element-464d761a\" data-id=\"464d761a\" data-element_type=\"column\">\n\t\t\t<div class=\"elementor-widget-wrap elementor-element-populated\">\n\t\t\t\t\t\t<div class=\"elementor-element elementor-element-32b059a0 elementor-widget elementor-widget-image\" data-id=\"32b059a0\" data-element_type=\"widget\" data-widget_type=\"image.default\">\n\t\t\t\t<div class=\"elementor-widget-container\">\n\t\t\t\t\t\t\t\t\t\t\t\t\t\t\t<img decoding=\"async\" width=\"1638\" height=\"2048\" src=\"https:\/\/www.waytopoleanddance.de\/wp-content\/uploads\/2025\/10\/AA900022-2.jpg\" class=\"attachment-full size-full wp-image-4291\" alt=\"\" srcset=\"https:\/\/www.waytopoleanddance.de\/wp-content\/uploads\/2025\/10\/AA900022-2.jpg 1638w, https:\/\/www.waytopoleanddance.de\/wp-content\/uploads\/2025\/10\/AA900022-2-240x300.jpg 240w, https:\/\/www.waytopoleanddance.de\/wp-content\/uploads\/2025\/10\/AA900022-2-819x1024.jpg 819w, https:\/\/www.waytopoleanddance.de\/wp-content\/uploads\/2025\/10\/AA900022-2-768x960.jpg 768w, https:\/\/www.waytopoleanddance.de\/wp-content\/uploads\/2025\/10\/AA900022-2-1229x1536.jpg 1229w, https:\/\/www.waytopoleanddance.de\/wp-content\/uploads\/2025\/10\/AA900022-2-10x12.jpg 10w\" sizes=\"(max-width: 1638px) 100vw, 1638px\" \/>\t\t\t\t\t\t\t\t\t\t\t\t\t\t\t<\/div>\n\t\t\t\t<\/div>\n\t\t\t\t\t<\/div>\n\t\t<\/div>\n\t\t\t\t\t<\/div>\n\t\t<\/section>\n\t\t\t\t<\/div>","protected":false},"excerpt":{"rendered":"<p>Baroness Bunny Hauptseite Lehrer Lehrerin Baroness Bunny Unterrichtete Kurse \u2022Pole Heels \u2022Pole Dance \u2022Pole Sport \u2022Active Stretching (Splits) Unterrichtsstil Ihr Unterrichtsstil ist sehr technisch und basiert auf einem klassischen Hintergrund in Ballett und Jazz. Sie legt gro\u00dfen Wert auf eine sichere Technik, klare Linien und den Aufbau einer langfristigen Grundlage statt kurzfristiger Erfolge. Sie bietet [&hellip;]<\/p>","protected":false},"author":1,"featured_media":0,"parent":0,"menu_order":0,"comment_status":"closed","ping_status":"closed","template":"elementor_header_footer","meta":{"footnotes":""},"class_list":["post-4286","page","type-page","status-publish","hentry"],"_links":{"self":[{"href":"https:\/\/www.waytopoleanddance.de\/ru\/wp-json\/wp\/v2\/pages\/4286","targetHints":{"allow":["GET"]}}],"collection":[{"href":"https:\/\/www.waytopoleanddance.de\/ru\/wp-json\/wp\/v2\/pages"}],"about":[{"href":"https:\/\/www.waytopoleanddance.de\/ru\/wp-json\/wp\/v2\/types\/page"}],"author":[{"embeddable":true,"href":"https:\/\/www.waytopoleanddance.de\/ru\/wp-json\/wp\/v2\/users\/1"}],"replies":[{"embeddable":true,"href":"https:\/\/www.waytopoleanddance.de\/ru\/wp-json\/wp\/v2\/comments?post=4286"}],"version-history":[{"count":3,"href":"https:\/\/www.waytopoleanddance.de\/ru\/wp-json\/wp\/v2\/pages\/4286\/revisions"}],"predecessor-version":[{"id":4295,"href":"https:\/\/www.waytopoleanddance.de\/ru\/wp-json\/wp\/v2\/pages\/4286\/revisions\/4295"}],"wp:attachment":[{"href":"https:\/\/www.waytopoleanddance.de\/ru\/wp-json\/wp\/v2\/media?parent=4286"}],"curies":[{"name":"wp","href":"https:\/\/api.w.org\/{rel}","templated":true}]}}