{"id":4298,"date":"2025-11-01T16:49:42","date_gmt":"2025-11-01T15:49:42","guid":{"rendered":"https:\/\/www.waytopoleanddance.de\/?page_id=4298"},"modified":"2025-11-01T16:53:30","modified_gmt":"2025-11-01T15:53:30","slug":"maria-g","status":"publish","type":"page","link":"https:\/\/www.waytopoleanddance.de\/ru\/maria-g\/","title":{"rendered":"Maria G."},"content":{"rendered":"<div data-elementor-type=\"wp-page\" data-elementor-id=\"4298\" class=\"elementor elementor-4298\" data-elementor-post-type=\"page\">\n\t\t\t\t\t\t<section class=\"elementor-section elementor-top-section elementor-element elementor-element-3be30b2a elementor-section-boxed elementor-section-height-default elementor-section-height-default\" data-id=\"3be30b2a\" data-element_type=\"section\" data-settings=\"{&quot;background_background&quot;:&quot;classic&quot;}\">\n\t\t\t\t\t\t\t<div class=\"elementor-background-overlay\"><\/div>\n\t\t\t\t\t\t\t<div class=\"elementor-container elementor-column-gap-default\">\n\t\t\t\t\t<div class=\"elementor-column elementor-col-100 elementor-top-column elementor-element elementor-element-44503f0d\" data-id=\"44503f0d\" data-element_type=\"column\">\n\t\t\t<div class=\"elementor-widget-wrap elementor-element-populated\">\n\t\t\t\t\t\t<div class=\"elementor-element elementor-element-465f7de8 elementor-invisible elementor-widget elementor-widget-heading\" data-id=\"465f7de8\" data-element_type=\"widget\" data-settings=\"{&quot;_animation&quot;:&quot;fadeInDown&quot;}\" data-widget_type=\"heading.default\">\n\t\t\t\t<div class=\"elementor-widget-container\">\n\t\t\t\t\t<h1 class=\"elementor-heading-title elementor-size-default\">Maria G.<\/h1>\t\t\t\t<\/div>\n\t\t\t\t<\/div>\n\t\t\t\t<section class=\"elementor-section elementor-inner-section elementor-element elementor-element-3aca6d39 elementor-section-content-middle elementor-section-boxed elementor-section-height-default elementor-section-height-default elementor-invisible\" data-id=\"3aca6d39\" data-element_type=\"section\" data-settings=\"{&quot;animation&quot;:&quot;fadeInDown&quot;}\">\n\t\t\t\t\t\t<div class=\"elementor-container elementor-column-gap-default\">\n\t\t\t\t\t<div class=\"elementor-column elementor-col-100 elementor-inner-column elementor-element elementor-element-6dba577b\" data-id=\"6dba577b\" data-element_type=\"column\">\n\t\t\t<div class=\"elementor-widget-wrap elementor-element-populated\">\n\t\t\t\t\t\t<div class=\"elementor-element elementor-element-3b350859 elementor-widget__width-auto elementor-widget elementor-widget-heading\" data-id=\"3b350859\" data-element_type=\"widget\" data-widget_type=\"heading.default\">\n\t\t\t\t<div class=\"elementor-widget-container\">\n\t\t\t\t\t<h6 class=\"elementor-heading-title elementor-size-default\"><a href=\"#\">\u0413\u043b\u0430\u0432\u043d\u0430\u044f<\/a><\/h6>\t\t\t\t<\/div>\n\t\t\t\t<\/div>\n\t\t\t\t<div class=\"elementor-element elementor-element-36dbac16 elementor-widget__width-auto elementor-widget elementor-widget-heading\" data-id=\"36dbac16\" data-element_type=\"widget\" data-widget_type=\"heading.default\">\n\t\t\t\t<div class=\"elementor-widget-container\">\n\t\t\t\t\t<h6 class=\"elementor-heading-title elementor-size-default\">\u041f\u0440\u0435\u043f\u043e\u0434\u0430\u0432\u0430\u0442\u0435\u043b\u044c<\/h6>\t\t\t\t<\/div>\n\t\t\t\t<\/div>\n\t\t\t\t\t<\/div>\n\t\t<\/div>\n\t\t\t\t\t<\/div>\n\t\t<\/section>\n\t\t\t\t\t<\/div>\n\t\t<\/div>\n\t\t\t\t\t<\/div>\n\t\t<\/section>\n\t\t\t\t<section class=\"elementor-section elementor-top-section elementor-element elementor-element-128a2800 elementor-section-content-middle elementor-section-boxed elementor-section-height-default elementor-section-height-default\" data-id=\"128a2800\" data-element_type=\"section\">\n\t\t\t\t\t\t<div class=\"elementor-container elementor-column-gap-no\">\n\t\t\t\t\t<div class=\"elementor-column elementor-col-50 elementor-top-column elementor-element elementor-element-3a03834c\" data-id=\"3a03834c\" data-element_type=\"column\">\n\t\t\t<div class=\"elementor-widget-wrap elementor-element-populated\">\n\t\t\t\t\t\t<div class=\"elementor-element elementor-element-79820535 elementor-widget elementor-widget-image\" data-id=\"79820535\" data-element_type=\"widget\" data-widget_type=\"image.default\">\n\t\t\t\t<div class=\"elementor-widget-container\">\n\t\t\t\t\t\t\t\t\t\t\t\t\t\t\t<img fetchpriority=\"high\" decoding=\"async\" width=\"603\" height=\"1024\" src=\"https:\/\/www.waytopoleanddance.de\/wp-content\/uploads\/2025\/11\/IMG_42472-603x1024.jpg\" class=\"attachment-large size-large wp-image-4299\" alt=\"\" srcset=\"https:\/\/www.waytopoleanddance.de\/wp-content\/uploads\/2025\/11\/IMG_42472-603x1024.jpg 603w, https:\/\/www.waytopoleanddance.de\/wp-content\/uploads\/2025\/11\/IMG_42472-177x300.jpg 177w, https:\/\/www.waytopoleanddance.de\/wp-content\/uploads\/2025\/11\/IMG_42472-768x1303.jpg 768w, https:\/\/www.waytopoleanddance.de\/wp-content\/uploads\/2025\/11\/IMG_42472-7x12.jpg 7w, https:\/\/www.waytopoleanddance.de\/wp-content\/uploads\/2025\/11\/IMG_42472.jpg 832w\" sizes=\"(max-width: 603px) 100vw, 603px\" \/>\t\t\t\t\t\t\t\t\t\t\t\t\t\t\t<\/div>\n\t\t\t\t<\/div>\n\t\t\t\t<div class=\"elementor-element elementor-element-755c80c7 elementor-widget__width-initial elementor-absolute elementor-widget-mobile__width-initial elementor-invisible elementor-widget elementor-widget-image\" data-id=\"755c80c7\" data-element_type=\"widget\" data-settings=\"{&quot;_position&quot;:&quot;absolute&quot;,&quot;_animation&quot;:&quot;zoomIn&quot;}\" data-widget_type=\"image.default\">\n\t\t\t\t<div class=\"elementor-widget-container\">\n\t\t\t\t\t\t\t\t\t\t\t\t\t\t\t<img decoding=\"async\" width=\"531\" height=\"531\" src=\"https:\/\/www.waytopoleanddance.de\/wp-content\/uploads\/2025\/02\/line-pattern-01.png\" class=\"attachment-large size-large wp-image-1004\" alt=\"\" srcset=\"https:\/\/www.waytopoleanddance.de\/wp-content\/uploads\/2025\/02\/line-pattern-01.png 531w, https:\/\/www.waytopoleanddance.de\/wp-content\/uploads\/2025\/02\/line-pattern-01-300x300.png 300w, https:\/\/www.waytopoleanddance.de\/wp-content\/uploads\/2025\/02\/line-pattern-01-150x150.png 150w\" sizes=\"(max-width: 531px) 100vw, 531px\" \/>\t\t\t\t\t\t\t\t\t\t\t\t\t\t\t<\/div>\n\t\t\t\t<\/div>\n\t\t\t\t\t<\/div>\n\t\t<\/div>\n\t\t\t\t<div class=\"elementor-column elementor-col-50 elementor-top-column elementor-element elementor-element-12ae2b5e\" data-id=\"12ae2b5e\" data-element_type=\"column\">\n\t\t\t<div class=\"elementor-widget-wrap elementor-element-populated\">\n\t\t\t\t\t\t<div class=\"elementor-element elementor-element-232cd178 elementor-widget elementor-widget-heading\" data-id=\"232cd178\" data-element_type=\"widget\" data-widget_type=\"heading.default\">\n\t\t\t\t<div class=\"elementor-widget-container\">\n\t\t\t\t\t<h6 class=\"elementor-heading-title elementor-size-default\">\u041f\u0440\u0435\u043f\u043e\u0434\u0430\u0432\u0430\u0442\u0435\u043b\u044c<\/h6>\t\t\t\t<\/div>\n\t\t\t\t<\/div>\n\t\t\t\t<div class=\"elementor-element elementor-element-2cbdfc3e elementor-widget elementor-widget-heading\" data-id=\"2cbdfc3e\" data-element_type=\"widget\" data-widget_type=\"heading.default\">\n\t\t\t\t<div class=\"elementor-widget-container\">\n\t\t\t\t\t<h2 class=\"elementor-heading-title elementor-size-default\">Maria G.<\/h2>\t\t\t\t<\/div>\n\t\t\t\t<\/div>\n\t\t\t\t<section class=\"elementor-section elementor-inner-section elementor-element elementor-element-6ba68f74 elementor-section-boxed elementor-section-height-default elementor-section-height-default\" data-id=\"6ba68f74\" data-element_type=\"section\">\n\t\t\t\t\t\t<div class=\"elementor-container elementor-column-gap-default\">\n\t\t\t\t\t<div class=\"elementor-column elementor-col-50 elementor-inner-column elementor-element elementor-element-5a3be2d7\" data-id=\"5a3be2d7\" data-element_type=\"column\">\n\t\t\t<div class=\"elementor-widget-wrap elementor-element-populated\">\n\t\t\t\t\t\t<div class=\"elementor-element elementor-element-6b80dea4 elementor-view-stacked elementor-shape-circle elementor-widget elementor-widget-icon\" data-id=\"6b80dea4\" data-element_type=\"widget\" data-widget_type=\"icon.default\">\n\t\t\t\t<div class=\"elementor-widget-container\">\n\t\t\t\t\t\t\t<div class=\"elementor-icon-wrapper\">\n\t\t\t<div class=\"elementor-icon\">\n\t\t\t<svg aria-hidden=\"true\" class=\"e-font-icon-svg e-fas-heart\" viewbox=\"0 0 512 512\" xmlns=\"http:\/\/www.w3.org\/2000\/svg\"><path d=\"M462.3 62.6C407.5 15.9 326 24.3 275.7 76.2L256 96.5l-19.7-20.3C186.1 24.3 104.5 15.9 49.7 62.6c-62.8 53.6-66.1 149.8-9.9 207.9l193.5 199.8c12.5 12.9 32.8 12.9 45.3 0l193.5-199.8c56.3-58.1 53-154.3-9.8-207.9z\"><\/path><\/svg>\t\t\t<\/div>\n\t\t<\/div>\n\t\t\t\t\t\t<\/div>\n\t\t\t\t<\/div>\n\t\t\t\t\t<\/div>\n\t\t<\/div>\n\t\t\t\t<div class=\"elementor-column elementor-col-50 elementor-inner-column elementor-element elementor-element-165d4366\" data-id=\"165d4366\" data-element_type=\"column\">\n\t\t\t<div class=\"elementor-widget-wrap elementor-element-populated\">\n\t\t\t\t\t\t<div class=\"elementor-element elementor-element-49644644 elementor-widget elementor-widget-icon-box\" data-id=\"49644644\" data-element_type=\"widget\" data-widget_type=\"icon-box.default\">\n\t\t\t\t<div class=\"elementor-widget-container\">\n\t\t\t\t\t\t\t<div class=\"elementor-icon-box-wrapper\">\n\n\t\t\t\n\t\t\t\t\t\t<div class=\"elementor-icon-box-content\">\n\n\t\t\t\t\t\t\t\t\t<h5 class=\"elementor-icon-box-title\">\n\t\t\t\t\t\t<span  >\n\t\t\t\t\t\t\t\u041d\u0430\u043f\u0440\u0430\u0432\u043b\u0435\u043d\u0438\u044f\t\t\t\t\t\t<\/span>\n\t\t\t\t\t<\/h5>\n\t\t\t\t\n\t\t\t\t\t\t\t\t\t<p class=\"elementor-icon-box-description\">\n\t\t\t\t\t\t\u2022Pole Sport<br>\n\t\t\t\t\t<\/p>\n\t\t\t\t\n\t\t\t<\/div>\n\t\t\t\n\t\t<\/div>\n\t\t\t\t\t\t<\/div>\n\t\t\t\t<\/div>\n\t\t\t\t\t<\/div>\n\t\t<\/div>\n\t\t\t\t\t<\/div>\n\t\t<\/section>\n\t\t\t\t<section class=\"elementor-section elementor-inner-section elementor-element elementor-element-4bb9e61b elementor-section-boxed elementor-section-height-default elementor-section-height-default\" data-id=\"4bb9e61b\" data-element_type=\"section\">\n\t\t\t\t\t\t<div class=\"elementor-container elementor-column-gap-default\">\n\t\t\t\t\t<div class=\"elementor-column elementor-col-50 elementor-inner-column elementor-element elementor-element-48248dcd\" data-id=\"48248dcd\" data-element_type=\"column\">\n\t\t\t<div class=\"elementor-widget-wrap elementor-element-populated\">\n\t\t\t\t\t\t<div class=\"elementor-element elementor-element-2155ade5 elementor-view-stacked elementor-shape-circle elementor-widget elementor-widget-icon\" data-id=\"2155ade5\" data-element_type=\"widget\" data-widget_type=\"icon.default\">\n\t\t\t\t<div class=\"elementor-widget-container\">\n\t\t\t\t\t\t\t<div class=\"elementor-icon-wrapper\">\n\t\t\t<div class=\"elementor-icon\">\n\t\t\t<svg aria-hidden=\"true\" class=\"e-font-icon-svg e-fas-graduation-cap\" viewbox=\"0 0 640 512\" xmlns=\"http:\/\/www.w3.org\/2000\/svg\"><path d=\"M622.34 153.2L343.4 67.5c-15.2-4.67-31.6-4.67-46.79 0L17.66 153.2c-23.54 7.23-23.54 38.36 0 45.59l48.63 14.94c-10.67 13.19-17.23 29.28-17.88 46.9C38.78 266.15 32 276.11 32 288c0 10.78 5.68 19.85 13.86 25.65L20.33 428.53C18.11 438.52 25.71 448 35.94 448h56.11c10.24 0 17.84-9.48 15.62-19.47L82.14 313.65C90.32 307.85 96 298.78 96 288c0-11.57-6.47-21.25-15.66-26.87.76-15.02 8.44-28.3 20.69-36.72L296.6 284.5c9.06 2.78 26.44 6.25 46.79 0l278.95-85.7c23.55-7.24 23.55-38.36 0-45.6zM352.79 315.09c-28.53 8.76-52.84 3.92-65.59 0l-145.02-44.55L128 384c0 35.35 85.96 64 192 64s192-28.65 192-64l-14.18-113.47-145.03 44.56z\"><\/path><\/svg>\t\t\t<\/div>\n\t\t<\/div>\n\t\t\t\t\t\t<\/div>\n\t\t\t\t<\/div>\n\t\t\t\t\t<\/div>\n\t\t<\/div>\n\t\t\t\t<div class=\"elementor-column elementor-col-50 elementor-inner-column elementor-element elementor-element-3c074ec1\" data-id=\"3c074ec1\" data-element_type=\"column\">\n\t\t\t<div class=\"elementor-widget-wrap elementor-element-populated\">\n\t\t\t\t\t\t<div class=\"elementor-element elementor-element-1180a95 elementor-widget elementor-widget-icon-box\" data-id=\"1180a95\" data-element_type=\"widget\" data-widget_type=\"icon-box.default\">\n\t\t\t\t<div class=\"elementor-widget-container\">\n\t\t\t\t\t\t\t<div class=\"elementor-icon-box-wrapper\">\n\n\t\t\t\n\t\t\t\t\t\t<div class=\"elementor-icon-box-content\">\n\n\t\t\t\t\t\t\t\t\t<h5 class=\"elementor-icon-box-title\">\n\t\t\t\t\t\t<span  >\n\t\t\t\t\t\t\t\u0421\u0442\u0438\u043b\u044c \u0437\u0430\u043d\u044f\u0442\u0438\u0439\t\t\t\t\t\t<\/span>\n\t\t\t\t\t<\/h5>\n\t\t\t\t\n\t\t\t\t\t\t\t\t\t<p class=\"elementor-icon-box-description\">\n\t\t\t\t\t\t\u041d\u0430 \u0435\u0435 \u0437\u0430\u043d\u044f\u0442\u0438\u044f\u0445 \u0432\u0430\u0441 \u0436\u0434\u0435\u0442 \u043f\u043e\u0437\u0438\u0442\u0438\u0432\u043d\u0430\u044f \u0438 \u043f\u043e\u0434\u0434\u0435\u0440\u0436\u0438\u0432\u0430\u044e\u0449\u0430\u044f \u0430\u0442\u043c\u043e\u0441\u0444\u0435\u0440\u0430, \u0432 \u043a\u043e\u0442\u043e\u0440\u043e\u0439 \u043a\u0430\u0436\u0434\u044b\u0439 \u0447\u0443\u0432\u0441\u0442\u0432\u0443\u0435\u0442 \u0441\u0435\u0431\u044f \u0432 \u0431\u0435\u0437\u043e\u043f\u0430\u0441\u043d\u043e\u0441\u0442\u0438, \u043f\u043e\u043b\u0443\u0447\u0430\u0435\u0442 \u043f\u043e\u0434\u0434\u0435\u0440\u0436\u043a\u0443, \u043d\u0435 \u043f\u043e\u0434\u0432\u0435\u0440\u0433\u0430\u0435\u0442\u0441\u044f \u043e\u0441\u0443\u0436\u0434\u0435\u043d\u0438\u044e \u0438, \u0447\u0442\u043e \u0441\u0430\u043c\u043e\u0435 \u0432\u0430\u0436\u043d\u043e\u0435, \u043f\u043e\u043b\u0443\u0447\u0430\u0435\u0442 \u0443\u0434\u043e\u0432\u043e\u043b\u044c\u0441\u0442\u0432\u0438\u0435!<br>\n\u0422\u0435\u0445\u043d\u0438\u043a\u0430 \u0438 \u0431\u0435\u0437\u043e\u043f\u0430\u0441\u043d\u043e\u0441\u0442\u044c \u044f\u0432\u043b\u044f\u044e\u0442\u0441\u044f \u043a\u043b\u044e\u0447\u0435\u0432\u044b\u043c\u0438 \u0444\u0430\u043a\u0442\u043e\u0440\u0430\u043c\u0438 \u0434\u043b\u044f \u041c\u0430\u0440\u0438\u0438: \u043e\u043d\u0430 \u0432\u0441\u0435\u0433\u0434\u0430 \u0443\u0434\u0435\u043b\u044f\u0435\u0442 \u0432\u0440\u0435\u043c\u044f \u043f\u043e\u0434\u0440\u043e\u0431\u043d\u043e\u043c\u0443 \u043e\u0431\u044a\u044f\u0441\u043d\u0435\u043d\u0438\u044e \u043a\u0430\u0436\u0434\u043e\u0433\u043e \u0434\u0432\u0438\u0436\u0435\u043d\u0438\u044f \u0438\u043b\u0438 \u043a\u043e\u043c\u0431\u0438\u043d\u0430\u0446\u0438\u0438, \u0447\u0442\u043e\u0431\u044b \u043a\u0430\u0436\u0434\u044b\u0439 \u0443\u0447\u0435\u043d\u0438\u043a \u043c\u043e\u0433 \u0438\u0445 \u043f\u043e\u043d\u044f\u0442\u044c, \u0437\u0430\u0434\u0435\u0439\u0441\u0442\u0432\u043e\u0432\u0430\u0442\u044c \u043d\u0443\u0436\u043d\u044b\u0435 \u043c\u044b\u0448\u0446\u044b \u0438 \u0442\u0440\u0435\u043d\u0438\u0440\u043e\u0432\u0430\u0442\u044c\u0441\u044f \u0431\u0435\u0437\u043e\u043f\u0430\u0441\u043d\u043e.\n\t\t\t\t\t<\/p>\n\t\t\t\t\n\t\t\t<\/div>\n\t\t\t\n\t\t<\/div>\n\t\t\t\t\t\t<\/div>\n\t\t\t\t<\/div>\n\t\t\t\t\t<\/div>\n\t\t<\/div>\n\t\t\t\t\t<\/div>\n\t\t<\/section>\n\t\t\t\t\t<\/div>\n\t\t<\/div>\n\t\t\t\t\t<\/div>\n\t\t<\/section>\n\t\t\t\t<section class=\"elementor-section elementor-top-section elementor-element elementor-element-209d7315 elementor-section-content-middle elementor-reverse-mobile elementor-section-boxed elementor-section-height-default elementor-section-height-default\" data-id=\"209d7315\" data-element_type=\"section\">\n\t\t\t\t\t\t<div class=\"elementor-container elementor-column-gap-default\">\n\t\t\t\t\t<div class=\"elementor-column elementor-col-50 elementor-top-column elementor-element elementor-element-33b602f\" data-id=\"33b602f\" data-element_type=\"column\">\n\t\t\t<div class=\"elementor-widget-wrap elementor-element-populated\">\n\t\t\t\t\t\t<div class=\"elementor-element elementor-element-bb85935 elementor-widget__width-initial elementor-absolute elementor-invisible elementor-widget elementor-widget-image\" data-id=\"bb85935\" data-element_type=\"widget\" data-settings=\"{&quot;_position&quot;:&quot;absolute&quot;,&quot;_animation&quot;:&quot;zoomIn&quot;}\" data-widget_type=\"image.default\">\n\t\t\t\t<div class=\"elementor-widget-container\">\n\t\t\t\t\t\t\t\t\t\t\t\t\t\t\t<img decoding=\"async\" width=\"531\" height=\"531\" src=\"https:\/\/www.waytopoleanddance.de\/wp-content\/uploads\/2025\/02\/line-pattern-01.png\" class=\"attachment-large size-large wp-image-1004\" alt=\"\" srcset=\"https:\/\/www.waytopoleanddance.de\/wp-content\/uploads\/2025\/02\/line-pattern-01.png 531w, https:\/\/www.waytopoleanddance.de\/wp-content\/uploads\/2025\/02\/line-pattern-01-300x300.png 300w, https:\/\/www.waytopoleanddance.de\/wp-content\/uploads\/2025\/02\/line-pattern-01-150x150.png 150w\" sizes=\"(max-width: 531px) 100vw, 531px\" \/>\t\t\t\t\t\t\t\t\t\t\t\t\t\t\t<\/div>\n\t\t\t\t<\/div>\n\t\t\t\t<section class=\"elementor-section elementor-inner-section elementor-element elementor-element-2d0cd943 animated-fast elementor-section-boxed elementor-section-height-default elementor-section-height-default elementor-invisible\" data-id=\"2d0cd943\" data-element_type=\"section\" data-settings=\"{&quot;animation&quot;:&quot;fadeIn&quot;}\">\n\t\t\t\t\t\t<div class=\"elementor-container elementor-column-gap-default\">\n\t\t\t\t\t<div class=\"elementor-column elementor-col-100 elementor-inner-column elementor-element elementor-element-fd34540\" data-id=\"fd34540\" data-element_type=\"column\" data-settings=\"{&quot;background_background&quot;:&quot;classic&quot;}\">\n\t\t\t<div class=\"elementor-widget-wrap elementor-element-populated\">\n\t\t\t\t\t\t<div class=\"elementor-element elementor-element-1e21cd41 elementor-widget elementor-widget-heading\" data-id=\"1e21cd41\" data-element_type=\"widget\" data-widget_type=\"heading.default\">\n\t\t\t\t<div class=\"elementor-widget-container\">\n\t\t\t\t\t<h6 class=\"elementor-heading-title elementor-size-default\">Maria G.<\/h6>\t\t\t\t<\/div>\n\t\t\t\t<\/div>\n\t\t\t\t<div class=\"elementor-element elementor-element-602147f2 elementor-widget elementor-widget-heading\" data-id=\"602147f2\" data-element_type=\"widget\" data-widget_type=\"heading.default\">\n\t\t\t\t<div class=\"elementor-widget-container\">\n\t\t\t\t\t<h2 class=\"elementor-heading-title elementor-size-default\">\u0438\u043d\u0442\u0435\u0440\u0435\u0441\u043d\u044b\u0435 \u0444\u0430\u043a\u0442\u044b<\/h2>\t\t\t\t<\/div>\n\t\t\t\t<\/div>\n\t\t\t\t<div class=\"elementor-element elementor-element-1c5cb165 elementor-widget elementor-widget-text-editor\" data-id=\"1c5cb165\" data-element_type=\"widget\" data-widget_type=\"text-editor.default\">\n\t\t\t\t<div class=\"elementor-widget-container\">\n\t\t\t\t\t\t\t\t\t<ul><li style=\"text-align: left;\">\u0440\u043e\u0434\u043e\u043c \u0438\u0437 \u0418\u0442\u0430\u043b\u0438\u0438.<\/li><li style=\"text-align: left;\">\u0433\u043e\u0432\u043e\u0440\u0438\u0442 \u043d\u0430 \u0438\u0442\u0430\u043b\u044c\u044f\u043d\u0441\u043a\u043e\u043c, \u0438\u0441\u043f\u0430\u043d\u0441\u043a\u043e\u043c \u0438 \u0430\u043d\u0433\u043b\u0438\u0439\u0441\u043a\u043e\u043c \u044f\u0437\u044b\u043a\u0430\u0445<\/li><li style=\"text-align: left;\">\u041e\u043d\u0430 \u043d\u0430\u0447\u0430\u043b\u0430 \u0437\u0430\u043d\u0438\u043c\u0430\u0442\u044c\u0441\u044f pole dance, \u043d\u0435 \u0438\u043c\u0435\u044f \u043d\u0438\u043a\u0430\u043a\u043e\u0433\u043e \u043e\u043f\u044b\u0442\u0430 \u0432 \u0441\u043f\u043e\u0440\u0442\u0435.<\/li><\/ul>\t\t\t\t\t\t\t\t<\/div>\n\t\t\t\t<\/div>\n\t\t\t\t\t<\/div>\n\t\t<\/div>\n\t\t\t\t\t<\/div>\n\t\t<\/section>\n\t\t\t\t\t<\/div>\n\t\t<\/div>\n\t\t\t\t<div class=\"elementor-column elementor-col-50 elementor-top-column elementor-element elementor-element-4586dd59\" data-id=\"4586dd59\" data-element_type=\"column\">\n\t\t\t<div class=\"elementor-widget-wrap elementor-element-populated\">\n\t\t\t\t\t\t<div class=\"elementor-element elementor-element-37088763 elementor-widget elementor-widget-image\" data-id=\"37088763\" data-element_type=\"widget\" data-widget_type=\"image.default\">\n\t\t\t\t<div class=\"elementor-widget-container\">\n\t\t\t\t\t\t\t\t\t\t\t\t\t\t\t<img decoding=\"async\" width=\"708\" height=\"1219\" src=\"https:\/\/www.waytopoleanddance.de\/wp-content\/uploads\/2025\/11\/IMG_89172.jpeg\" class=\"attachment-full size-full wp-image-4300\" alt=\"\" srcset=\"https:\/\/www.waytopoleanddance.de\/wp-content\/uploads\/2025\/11\/IMG_89172.jpeg 708w, https:\/\/www.waytopoleanddance.de\/wp-content\/uploads\/2025\/11\/IMG_89172-174x300.jpeg 174w, https:\/\/www.waytopoleanddance.de\/wp-content\/uploads\/2025\/11\/IMG_89172-595x1024.jpeg 595w, https:\/\/www.waytopoleanddance.de\/wp-content\/uploads\/2025\/11\/IMG_89172-7x12.jpeg 7w\" sizes=\"(max-width: 708px) 100vw, 708px\" \/>\t\t\t\t\t\t\t\t\t\t\t\t\t\t\t<\/div>\n\t\t\t\t<\/div>\n\t\t\t\t\t<\/div>\n\t\t<\/div>\n\t\t\t\t\t<\/div>\n\t\t<\/section>\n\t\t\t\t<\/div>","protected":false},"excerpt":{"rendered":"<p>Maria G. Hauptseite Lehrerin Lehrerin Maria G. Unterrichtete Kurse \u2022Pole Sport Unterrichtsstil In ihren Kursen erwartet dich eine positive und unterst\u00fctzende Atmosph\u00e4re, in der sich jede*r sicher und ermutigt f\u00fchlt, in der niemand beurteilt wird und in der vor allem Spa\u00df garantiert ist! Technik und Sicherheit sind f\u00fcr Maria von entscheidender Bedeutung. Sie nimmt sich [&hellip;]<\/p>","protected":false},"author":1,"featured_media":0,"parent":0,"menu_order":0,"comment_status":"closed","ping_status":"closed","template":"elementor_header_footer","meta":{"footnotes":""},"class_list":["post-4298","page","type-page","status-publish","hentry"],"_links":{"self":[{"href":"https:\/\/www.waytopoleanddance.de\/ru\/wp-json\/wp\/v2\/pages\/4298","targetHints":{"allow":["GET"]}}],"collection":[{"href":"https:\/\/www.waytopoleanddance.de\/ru\/wp-json\/wp\/v2\/pages"}],"about":[{"href":"https:\/\/www.waytopoleanddance.de\/ru\/wp-json\/wp\/v2\/types\/page"}],"author":[{"embeddable":true,"href":"https:\/\/www.waytopoleanddance.de\/ru\/wp-json\/wp\/v2\/users\/1"}],"replies":[{"embeddable":true,"href":"https:\/\/www.waytopoleanddance.de\/ru\/wp-json\/wp\/v2\/comments?post=4298"}],"version-history":[{"count":3,"href":"https:\/\/www.waytopoleanddance.de\/ru\/wp-json\/wp\/v2\/pages\/4298\/revisions"}],"predecessor-version":[{"id":4313,"href":"https:\/\/www.waytopoleanddance.de\/ru\/wp-json\/wp\/v2\/pages\/4298\/revisions\/4313"}],"wp:attachment":[{"href":"https:\/\/www.waytopoleanddance.de\/ru\/wp-json\/wp\/v2\/media?parent=4298"}],"curies":[{"name":"wp","href":"https:\/\/api.w.org\/{rel}","templated":true}]}}