{"id":4598,"date":"2026-03-19T17:47:06","date_gmt":"2026-03-19T16:47:06","guid":{"rendered":"https:\/\/www.waytopoleanddance.de\/?page_id=4598"},"modified":"2026-03-19T17:48:43","modified_gmt":"2026-03-19T16:48:43","slug":"artur","status":"publish","type":"page","link":"https:\/\/www.waytopoleanddance.de\/ru\/artur\/","title":{"rendered":"Artur"},"content":{"rendered":"<div data-elementor-type=\"wp-page\" data-elementor-id=\"4598\" class=\"elementor elementor-4598\" data-elementor-post-type=\"page\">\n\t\t\t\t\t\t<section class=\"elementor-section elementor-top-section elementor-element elementor-element-77e78e31 elementor-section-boxed elementor-section-height-default elementor-section-height-default\" data-id=\"77e78e31\" data-element_type=\"section\" data-settings=\"{&quot;background_background&quot;:&quot;classic&quot;}\">\n\t\t\t\t\t\t\t<div class=\"elementor-background-overlay\"><\/div>\n\t\t\t\t\t\t\t<div class=\"elementor-container elementor-column-gap-default\">\n\t\t\t\t\t<div class=\"elementor-column elementor-col-100 elementor-top-column elementor-element elementor-element-1851877a\" data-id=\"1851877a\" data-element_type=\"column\">\n\t\t\t<div class=\"elementor-widget-wrap elementor-element-populated\">\n\t\t\t\t\t\t<div class=\"elementor-element elementor-element-7ed504f6 elementor-invisible elementor-widget elementor-widget-heading\" data-id=\"7ed504f6\" data-element_type=\"widget\" data-settings=\"{&quot;_animation&quot;:&quot;fadeInDown&quot;}\" data-widget_type=\"heading.default\">\n\t\t\t\t<div class=\"elementor-widget-container\">\n\t\t\t\t\t<h1 class=\"elementor-heading-title elementor-size-default\">Artur<\/h1>\t\t\t\t<\/div>\n\t\t\t\t<\/div>\n\t\t\t\t<section class=\"elementor-section elementor-inner-section elementor-element elementor-element-39b30606 elementor-section-content-middle elementor-section-boxed elementor-section-height-default elementor-section-height-default elementor-invisible\" data-id=\"39b30606\" data-element_type=\"section\" data-settings=\"{&quot;animation&quot;:&quot;fadeInDown&quot;}\">\n\t\t\t\t\t\t<div class=\"elementor-container elementor-column-gap-default\">\n\t\t\t\t\t<div class=\"elementor-column elementor-col-100 elementor-inner-column elementor-element elementor-element-61a8f053\" data-id=\"61a8f053\" data-element_type=\"column\">\n\t\t\t<div class=\"elementor-widget-wrap elementor-element-populated\">\n\t\t\t\t\t\t<div class=\"elementor-element elementor-element-24314d17 elementor-widget__width-auto elementor-widget elementor-widget-heading\" data-id=\"24314d17\" data-element_type=\"widget\" data-widget_type=\"heading.default\">\n\t\t\t\t<div class=\"elementor-widget-container\">\n\t\t\t\t\t<h6 class=\"elementor-heading-title elementor-size-default\"><a href=\"#\">\u0413\u043b\u0430\u0432\u043d\u0430\u044f<\/a><\/h6>\t\t\t\t<\/div>\n\t\t\t\t<\/div>\n\t\t\t\t<div class=\"elementor-element elementor-element-1d8d36e3 elementor-widget__width-auto elementor-widget elementor-widget-heading\" data-id=\"1d8d36e3\" data-element_type=\"widget\" data-widget_type=\"heading.default\">\n\t\t\t\t<div class=\"elementor-widget-container\">\n\t\t\t\t\t<h6 class=\"elementor-heading-title elementor-size-default\">\u041f\u0440\u0435\u043f\u043e\u0434\u0430\u0432\u0430\u0442\u0435\u043b\u0438<\/h6>\t\t\t\t<\/div>\n\t\t\t\t<\/div>\n\t\t\t\t\t<\/div>\n\t\t<\/div>\n\t\t\t\t\t<\/div>\n\t\t<\/section>\n\t\t\t\t\t<\/div>\n\t\t<\/div>\n\t\t\t\t\t<\/div>\n\t\t<\/section>\n\t\t\t\t<section class=\"elementor-section elementor-top-section elementor-element elementor-element-2d249c94 elementor-section-content-middle elementor-section-boxed elementor-section-height-default elementor-section-height-default\" data-id=\"2d249c94\" data-element_type=\"section\">\n\t\t\t\t\t\t<div class=\"elementor-container elementor-column-gap-no\">\n\t\t\t\t\t<div class=\"elementor-column elementor-col-50 elementor-top-column elementor-element elementor-element-520753b3\" data-id=\"520753b3\" data-element_type=\"column\">\n\t\t\t<div class=\"elementor-widget-wrap elementor-element-populated\">\n\t\t\t\t\t\t<div class=\"elementor-element elementor-element-3f462c0 elementor-widget elementor-widget-image\" data-id=\"3f462c0\" data-element_type=\"widget\" data-widget_type=\"image.default\">\n\t\t\t\t<div class=\"elementor-widget-container\">\n\t\t\t\t\t\t\t\t\t\t\t\t\t\t\t<img fetchpriority=\"high\" decoding=\"async\" width=\"800\" height=\"533\" src=\"https:\/\/www.waytopoleanddance.de\/wp-content\/uploads\/2026\/03\/1000057252-1024x682.jpg\" class=\"attachment-large size-large wp-image-4600\" alt=\"\" srcset=\"https:\/\/www.waytopoleanddance.de\/wp-content\/uploads\/2026\/03\/1000057252-1024x682.jpg 1024w, https:\/\/www.waytopoleanddance.de\/wp-content\/uploads\/2026\/03\/1000057252-300x200.jpg 300w, https:\/\/www.waytopoleanddance.de\/wp-content\/uploads\/2026\/03\/1000057252-768x512.jpg 768w, https:\/\/www.waytopoleanddance.de\/wp-content\/uploads\/2026\/03\/1000057252-18x12.jpg 18w, https:\/\/www.waytopoleanddance.de\/wp-content\/uploads\/2026\/03\/1000057252.jpg 1223w\" sizes=\"(max-width: 800px) 100vw, 800px\" \/>\t\t\t\t\t\t\t\t\t\t\t\t\t\t\t<\/div>\n\t\t\t\t<\/div>\n\t\t\t\t<div class=\"elementor-element elementor-element-15bf92c8 elementor-widget__width-initial elementor-absolute elementor-widget-mobile__width-initial elementor-invisible elementor-widget elementor-widget-image\" data-id=\"15bf92c8\" data-element_type=\"widget\" data-settings=\"{&quot;_position&quot;:&quot;absolute&quot;,&quot;_animation&quot;:&quot;zoomIn&quot;}\" data-widget_type=\"image.default\">\n\t\t\t\t<div class=\"elementor-widget-container\">\n\t\t\t\t\t\t\t\t\t\t\t\t\t\t\t<img decoding=\"async\" width=\"531\" height=\"531\" src=\"https:\/\/www.waytopoleanddance.de\/wp-content\/uploads\/2025\/02\/line-pattern-01.png\" class=\"attachment-large size-large wp-image-1004\" alt=\"\" srcset=\"https:\/\/www.waytopoleanddance.de\/wp-content\/uploads\/2025\/02\/line-pattern-01.png 531w, https:\/\/www.waytopoleanddance.de\/wp-content\/uploads\/2025\/02\/line-pattern-01-300x300.png 300w, https:\/\/www.waytopoleanddance.de\/wp-content\/uploads\/2025\/02\/line-pattern-01-150x150.png 150w\" sizes=\"(max-width: 531px) 100vw, 531px\" \/>\t\t\t\t\t\t\t\t\t\t\t\t\t\t\t<\/div>\n\t\t\t\t<\/div>\n\t\t\t\t\t<\/div>\n\t\t<\/div>\n\t\t\t\t<div class=\"elementor-column elementor-col-50 elementor-top-column elementor-element elementor-element-65bedf5d\" data-id=\"65bedf5d\" data-element_type=\"column\">\n\t\t\t<div class=\"elementor-widget-wrap elementor-element-populated\">\n\t\t\t\t\t\t<div class=\"elementor-element elementor-element-373f46e elementor-widget elementor-widget-heading\" data-id=\"373f46e\" data-element_type=\"widget\" data-widget_type=\"heading.default\">\n\t\t\t\t<div class=\"elementor-widget-container\">\n\t\t\t\t\t<h6 class=\"elementor-heading-title elementor-size-default\">\u041f\u0440\u0435\u043f\u043e\u0434\u0430\u0432\u0430\u0442\u0435\u043b\u0438<\/h6>\t\t\t\t<\/div>\n\t\t\t\t<\/div>\n\t\t\t\t<div class=\"elementor-element elementor-element-5e706bee elementor-widget elementor-widget-heading\" data-id=\"5e706bee\" data-element_type=\"widget\" data-widget_type=\"heading.default\">\n\t\t\t\t<div class=\"elementor-widget-container\">\n\t\t\t\t\t<h2 class=\"elementor-heading-title elementor-size-default\">Artur<\/h2>\t\t\t\t<\/div>\n\t\t\t\t<\/div>\n\t\t\t\t<section class=\"elementor-section elementor-inner-section elementor-element elementor-element-75495ee elementor-section-boxed elementor-section-height-default elementor-section-height-default\" data-id=\"75495ee\" data-element_type=\"section\">\n\t\t\t\t\t\t<div class=\"elementor-container elementor-column-gap-default\">\n\t\t\t\t\t<div class=\"elementor-column elementor-col-50 elementor-inner-column elementor-element elementor-element-47abaefc\" data-id=\"47abaefc\" data-element_type=\"column\">\n\t\t\t<div class=\"elementor-widget-wrap elementor-element-populated\">\n\t\t\t\t\t\t<div class=\"elementor-element elementor-element-1f15f0bc elementor-view-stacked elementor-shape-circle elementor-widget elementor-widget-icon\" data-id=\"1f15f0bc\" data-element_type=\"widget\" data-widget_type=\"icon.default\">\n\t\t\t\t<div class=\"elementor-widget-container\">\n\t\t\t\t\t\t\t<div class=\"elementor-icon-wrapper\">\n\t\t\t<div class=\"elementor-icon\">\n\t\t\t<svg aria-hidden=\"true\" class=\"e-font-icon-svg e-fas-heart\" viewbox=\"0 0 512 512\" xmlns=\"http:\/\/www.w3.org\/2000\/svg\"><path d=\"M462.3 62.6C407.5 15.9 326 24.3 275.7 76.2L256 96.5l-19.7-20.3C186.1 24.3 104.5 15.9 49.7 62.6c-62.8 53.6-66.1 149.8-9.9 207.9l193.5 199.8c12.5 12.9 32.8 12.9 45.3 0l193.5-199.8c56.3-58.1 53-154.3-9.8-207.9z\"><\/path><\/svg>\t\t\t<\/div>\n\t\t<\/div>\n\t\t\t\t\t\t<\/div>\n\t\t\t\t<\/div>\n\t\t\t\t\t<\/div>\n\t\t<\/div>\n\t\t\t\t<div class=\"elementor-column elementor-col-50 elementor-inner-column elementor-element elementor-element-5941e75d\" data-id=\"5941e75d\" data-element_type=\"column\">\n\t\t\t<div class=\"elementor-widget-wrap elementor-element-populated\">\n\t\t\t\t\t\t<div class=\"elementor-element elementor-element-52347bd6 elementor-widget elementor-widget-icon-box\" data-id=\"52347bd6\" data-element_type=\"widget\" data-widget_type=\"icon-box.default\">\n\t\t\t\t<div class=\"elementor-widget-container\">\n\t\t\t\t\t\t\t<div class=\"elementor-icon-box-wrapper\">\n\n\t\t\t\n\t\t\t\t\t\t<div class=\"elementor-icon-box-content\">\n\n\t\t\t\t\t\t\t\t\t<h5 class=\"elementor-icon-box-title\">\n\t\t\t\t\t\t<span  >\n\t\t\t\t\t\t\t\u041d\u0430\u043f\u0440\u0430\u0432\u043b\u0435\u043d\u0438\u044f\t\t\t\t\t\t<\/span>\n\t\t\t\t\t<\/h5>\n\t\t\t\t\n\t\t\t\t\t\t\t\t\t<p class=\"elementor-icon-box-description\">\n\t\t\t\t\t\t\u2022Contemporary Pole <br>\n\u2022Pole Sport<br>\n\t\t\t\t\t<\/p>\n\t\t\t\t\n\t\t\t<\/div>\n\t\t\t\n\t\t<\/div>\n\t\t\t\t\t\t<\/div>\n\t\t\t\t<\/div>\n\t\t\t\t\t<\/div>\n\t\t<\/div>\n\t\t\t\t\t<\/div>\n\t\t<\/section>\n\t\t\t\t<section class=\"elementor-section elementor-inner-section elementor-element elementor-element-43f66782 elementor-section-boxed elementor-section-height-default elementor-section-height-default\" data-id=\"43f66782\" data-element_type=\"section\">\n\t\t\t\t\t\t<div class=\"elementor-container elementor-column-gap-default\">\n\t\t\t\t\t<div class=\"elementor-column elementor-col-50 elementor-inner-column elementor-element elementor-element-5190141b\" data-id=\"5190141b\" data-element_type=\"column\">\n\t\t\t<div class=\"elementor-widget-wrap elementor-element-populated\">\n\t\t\t\t\t\t<div class=\"elementor-element elementor-element-1090e750 elementor-view-stacked elementor-shape-circle elementor-widget elementor-widget-icon\" data-id=\"1090e750\" data-element_type=\"widget\" data-widget_type=\"icon.default\">\n\t\t\t\t<div class=\"elementor-widget-container\">\n\t\t\t\t\t\t\t<div class=\"elementor-icon-wrapper\">\n\t\t\t<div class=\"elementor-icon\">\n\t\t\t<svg aria-hidden=\"true\" class=\"e-font-icon-svg e-fas-graduation-cap\" viewbox=\"0 0 640 512\" xmlns=\"http:\/\/www.w3.org\/2000\/svg\"><path d=\"M622.34 153.2L343.4 67.5c-15.2-4.67-31.6-4.67-46.79 0L17.66 153.2c-23.54 7.23-23.54 38.36 0 45.59l48.63 14.94c-10.67 13.19-17.23 29.28-17.88 46.9C38.78 266.15 32 276.11 32 288c0 10.78 5.68 19.85 13.86 25.65L20.33 428.53C18.11 438.52 25.71 448 35.94 448h56.11c10.24 0 17.84-9.48 15.62-19.47L82.14 313.65C90.32 307.85 96 298.78 96 288c0-11.57-6.47-21.25-15.66-26.87.76-15.02 8.44-28.3 20.69-36.72L296.6 284.5c9.06 2.78 26.44 6.25 46.79 0l278.95-85.7c23.55-7.24 23.55-38.36 0-45.6zM352.79 315.09c-28.53 8.76-52.84 3.92-65.59 0l-145.02-44.55L128 384c0 35.35 85.96 64 192 64s192-28.65 192-64l-14.18-113.47-145.03 44.56z\"><\/path><\/svg>\t\t\t<\/div>\n\t\t<\/div>\n\t\t\t\t\t\t<\/div>\n\t\t\t\t<\/div>\n\t\t\t\t\t<\/div>\n\t\t<\/div>\n\t\t\t\t<div class=\"elementor-column elementor-col-50 elementor-inner-column elementor-element elementor-element-4a5b323e\" data-id=\"4a5b323e\" data-element_type=\"column\">\n\t\t\t<div class=\"elementor-widget-wrap elementor-element-populated\">\n\t\t\t\t\t\t<div class=\"elementor-element elementor-element-4a6e2930 elementor-widget elementor-widget-icon-box\" data-id=\"4a6e2930\" data-element_type=\"widget\" data-widget_type=\"icon-box.default\">\n\t\t\t\t<div class=\"elementor-widget-container\">\n\t\t\t\t\t\t\t<div class=\"elementor-icon-box-wrapper\">\n\n\t\t\t\n\t\t\t\t\t\t<div class=\"elementor-icon-box-content\">\n\n\t\t\t\t\t\t\t\t\t<h5 class=\"elementor-icon-box-title\">\n\t\t\t\t\t\t<span  >\n\t\t\t\t\t\t\t\u0421\u0442\u0438\u043b\u044c \u0437\u0430\u043d\u044f\u0442\u0438\u0439\t\t\t\t\t\t<\/span>\n\t\t\t\t\t<\/h5>\n\t\t\t\t\n\t\t\t\t\t\t\t\t\t<p class=\"elementor-icon-box-description\">\n\t\t\t\t\t\t\u0417\u0430\u043d\u044f\u0442\u0438\u044f \u0410\u0440\u0442\u0443\u0440\u0430 \u0441\u043e\u0447\u0435\u0442\u0430\u044e\u0442 \u0432 \u0441\u0435\u0431\u0435 \u043e\u0442\u0442\u043e\u0447\u0435\u043d\u043d\u0443\u044e \u0442\u0435\u0445\u043d\u0438\u043a\u0443, \u043e\u0441\u043e\u0437\u043d\u0430\u043d\u0438\u0435 \u0441\u0432\u043e\u0435\u0433\u043e \u0442\u0435\u043b\u0430 \u0438 \u0445\u0443\u0434\u043e\u0436\u0435\u0441\u0442\u0432\u0435\u043d\u043d\u043e\u0435 \u0441\u0430\u043c\u043e\u0432\u044b\u0440\u0430\u0436\u0435\u043d\u0438\u0435. \u0423\u0447\u0435\u043d\u0438\u043a\u0438 \u0446\u0435\u043d\u044f\u0442 \u0435\u0433\u043e \u043f\u043e\u0434\u0440\u043e\u0431\u043d\u044b\u0435 \u043e\u0431\u044a\u044f\u0441\u043d\u0435\u043d\u0438\u044f, \u0447\u0435\u0442\u043a\u043e \u043f\u043e\u0441\u0442\u0440\u043e\u0435\u043d\u043d\u044b\u0435 \u043f\u0440\u043e\u0433\u0440\u0430\u043c\u043c\u044b \u0437\u0430\u043d\u044f\u0442\u0438\u0439 \u0438 \u0435\u0433\u043e \u0441\u043f\u043e\u0441\u043e\u0431\u043d\u043e\u0441\u0442\u044c \u043f\u043e\u043c\u043e\u0433\u0430\u0442\u044c \u0438\u043c \u0440\u0430\u0441\u043a\u0440\u044b\u0442\u044c \u043d\u043e\u0432\u044b\u0439 \u0443\u0440\u043e\u0432\u0435\u043d\u044c \u043c\u0430\u0441\u0442\u0435\u0440\u0441\u0442\u0432\u0430.<br>\t\t\t\t\t<\/p>\n\t\t\t\t\n\t\t\t<\/div>\n\t\t\t\n\t\t<\/div>\n\t\t\t\t\t\t<\/div>\n\t\t\t\t<\/div>\n\t\t\t\t\t<\/div>\n\t\t<\/div>\n\t\t\t\t\t<\/div>\n\t\t<\/section>\n\t\t\t\t\t<\/div>\n\t\t<\/div>\n\t\t\t\t\t<\/div>\n\t\t<\/section>\n\t\t\t\t<section class=\"elementor-section elementor-top-section elementor-element elementor-element-2bdb7464 elementor-section-content-middle elementor-reverse-mobile elementor-section-boxed elementor-section-height-default elementor-section-height-default\" data-id=\"2bdb7464\" data-element_type=\"section\">\n\t\t\t\t\t\t<div class=\"elementor-container elementor-column-gap-default\">\n\t\t\t\t\t<div class=\"elementor-column elementor-col-50 elementor-top-column elementor-element elementor-element-6481456d\" data-id=\"6481456d\" data-element_type=\"column\">\n\t\t\t<div class=\"elementor-widget-wrap elementor-element-populated\">\n\t\t\t\t\t\t<div class=\"elementor-element elementor-element-25a0a7fb elementor-widget__width-initial elementor-absolute elementor-invisible elementor-widget elementor-widget-image\" data-id=\"25a0a7fb\" data-element_type=\"widget\" data-settings=\"{&quot;_position&quot;:&quot;absolute&quot;,&quot;_animation&quot;:&quot;zoomIn&quot;}\" data-widget_type=\"image.default\">\n\t\t\t\t<div class=\"elementor-widget-container\">\n\t\t\t\t\t\t\t\t\t\t\t\t\t\t\t<img decoding=\"async\" width=\"531\" height=\"531\" src=\"https:\/\/www.waytopoleanddance.de\/wp-content\/uploads\/2025\/02\/line-pattern-01.png\" class=\"attachment-large size-large wp-image-1004\" alt=\"\" srcset=\"https:\/\/www.waytopoleanddance.de\/wp-content\/uploads\/2025\/02\/line-pattern-01.png 531w, https:\/\/www.waytopoleanddance.de\/wp-content\/uploads\/2025\/02\/line-pattern-01-300x300.png 300w, https:\/\/www.waytopoleanddance.de\/wp-content\/uploads\/2025\/02\/line-pattern-01-150x150.png 150w\" sizes=\"(max-width: 531px) 100vw, 531px\" \/>\t\t\t\t\t\t\t\t\t\t\t\t\t\t\t<\/div>\n\t\t\t\t<\/div>\n\t\t\t\t<section class=\"elementor-section elementor-inner-section elementor-element elementor-element-27c55b37 animated-fast elementor-section-boxed elementor-section-height-default elementor-section-height-default elementor-invisible\" data-id=\"27c55b37\" data-element_type=\"section\" data-settings=\"{&quot;animation&quot;:&quot;fadeIn&quot;}\">\n\t\t\t\t\t\t<div class=\"elementor-container elementor-column-gap-default\">\n\t\t\t\t\t<div class=\"elementor-column elementor-col-100 elementor-inner-column elementor-element elementor-element-1b6f2b29\" data-id=\"1b6f2b29\" data-element_type=\"column\" data-settings=\"{&quot;background_background&quot;:&quot;classic&quot;}\">\n\t\t\t<div class=\"elementor-widget-wrap elementor-element-populated\">\n\t\t\t\t\t\t<div class=\"elementor-element elementor-element-2ca44a4d elementor-widget elementor-widget-heading\" data-id=\"2ca44a4d\" data-element_type=\"widget\" data-widget_type=\"heading.default\">\n\t\t\t\t<div class=\"elementor-widget-container\">\n\t\t\t\t\t<h6 class=\"elementor-heading-title elementor-size-default\">Artur<\/h6>\t\t\t\t<\/div>\n\t\t\t\t<\/div>\n\t\t\t\t<div class=\"elementor-element elementor-element-6ac4117a elementor-widget elementor-widget-heading\" data-id=\"6ac4117a\" data-element_type=\"widget\" data-widget_type=\"heading.default\">\n\t\t\t\t<div class=\"elementor-widget-container\">\n\t\t\t\t\t<h2 class=\"elementor-heading-title elementor-size-default\">\u0438\u043d\u0442\u0435\u0440\u0435\u0441\u043d\u044b\u0435 \u0444\u0430\u043a\u0442\u044b<\/h2>\t\t\t\t<\/div>\n\t\t\t\t<\/div>\n\t\t\t\t<div class=\"elementor-element elementor-element-52349ba5 elementor-widget elementor-widget-text-editor\" data-id=\"52349ba5\" data-element_type=\"widget\" data-widget_type=\"text-editor.default\">\n\t\t\t\t<div class=\"elementor-widget-container\">\n\t\t\t\t\t\t\t\t\t<ul><li data-section-id=\"918ax9\" data-start=\"62\" data-end=\"155\"><p style=\"text-align: left;\" data-start=\"64\" data-end=\"155\">\u0410\u0440\u0442\u0443\u0440 \u2014 \u0438\u0441\u043f\u043e\u043b\u043d\u0438\u0442\u0435\u043b\u044c \u0432 \u0441\u0442\u0438\u043b\u044f\u0445 \u043f\u043e\u043b-\u0434\u044d\u043d\u0441, \u0432\u043e\u0437\u0434\u0443\u0448\u043d\u0430\u044f \u0430\u043a\u0440\u043e\u0431\u0430\u0442\u0438\u043a\u0430 \u0438 \u0431\u0443\u0440\u043b\u0435\u0441\u043a, \u0442\u0430\u043d\u0446\u043e\u0440, \u043d\u0430\u0441\u0442\u0430\u0432\u043d\u0438\u043a \u0438 \u0441\u0435\u0440\u0442\u0438\u0444\u0438\u0446\u0438\u0440\u043e\u0432\u0430\u043d\u043d\u044b\u0439 \u0442\u0440\u0435\u043d\u0435\u0440<\/p><\/li><li data-section-id=\"918ax9\" data-start=\"62\" data-end=\"155\"><p style=\"text-align: left;\" data-start=\"64\" data-end=\"155\">\u0412 \u0441\u0432\u043e\u0435\u0439 \u0442\u0432\u043e\u0440\u0447\u0435\u0441\u043a\u043e\u0439 \u0434\u0435\u044f\u0442\u0435\u043b\u044c\u043d\u043e\u0441\u0442\u0438 \u043e\u043d \u0443\u0434\u0435\u043b\u044f\u0435\u0442 \u043e\u0441\u043e\u0431\u043e\u0435 \u0432\u043d\u0438\u043c\u0430\u043d\u0438\u0435 \u0441\u0430\u043c\u043e\u0432\u044b\u0440\u0430\u0436\u0435\u043d\u0438\u044e, \u044d\u043c\u043e\u0446\u0438\u043e\u043d\u0430\u043b\u044c\u043d\u043e\u0439 \u0433\u043b\u0443\u0431\u0438\u043d\u0435 \u0438 \u0442\u0435\u043b\u0435\u0441\u043d\u043e\u0439 \u043f\u0440\u0438\u0441\u0443\u0442\u0441\u0442\u0432\u0435\u043d\u043d\u043e\u0441\u0442\u0438<\/p><\/li><li data-section-id=\"918ax9\" data-start=\"62\" data-end=\"155\"><p style=\"text-align: left;\" data-start=\"64\" data-end=\"155\">\u041e\u043d \u043d\u0430\u0447\u0430\u043b \u0437\u0430\u043d\u0438\u043c\u0430\u0442\u044c\u0441\u044f \u043f\u043e\u043b-\u0434\u044d\u043d\u0441\u043e\u043c \u0432 \u0438\u044e\u043d\u0435 2021 \u0433\u043e\u0434\u0430<\/p><\/li><li data-section-id=\"918ax9\" data-start=\"62\" data-end=\"155\"><p style=\"text-align: left;\" data-start=\"64\" data-end=\"155\">\u041e\u043d \u0443\u0447\u0430\u0441\u0442\u0432\u043e\u0432\u0430\u043b \u0438 \u0437\u0430\u043d\u0438\u043c\u0430\u043b \u043f\u0440\u0438\u0437\u043e\u0432\u044b\u0435 \u043c\u0435\u0441\u0442\u0430 \u043a\u0430\u043a \u043d\u0430 \u043d\u0430\u0446\u0438\u043e\u043d\u0430\u043b\u044c\u043d\u044b\u0445, \u0442\u0430\u043a \u0438 \u043d\u0430 \u043c\u0435\u0436\u0434\u0443\u043d\u0430\u0440\u043e\u0434\u043d\u044b\u0445 \u0441\u043e\u0440\u0435\u0432\u043d\u043e\u0432\u0430\u043d\u0438\u044f\u0445<\/p><\/li><li data-section-id=\"918ax9\" data-start=\"62\" data-end=\"155\"><p style=\"text-align: left;\" data-start=\"64\" data-end=\"155\">\u041e\u043d \u043f\u0440\u043e\u0432\u043e\u0434\u0438\u0442 \u043c\u0430\u0441\u0442\u0435\u0440-\u043a\u043b\u0430\u0441\u0441\u044b \u043f\u043e \u0432\u0441\u0435\u0439 \u0413\u0435\u0440\u043c\u0430\u043d\u0438\u0438 \u0438 \u0437\u0430 \u0440\u0443\u0431\u0435\u0436\u043e\u043c<\/p><\/li><li data-section-id=\"918ax9\" data-start=\"62\" data-end=\"155\"><p style=\"text-align: left;\" data-start=\"64\" data-end=\"155\">\u0415\u0433\u043e \u0446\u0435\u043b\u044c \u2014 \u0432\u0434\u043e\u0445\u043d\u043e\u0432\u043b\u044f\u0442\u044c, \u0430 \u043d\u0435 \u043f\u0440\u043e\u0441\u0442\u043e \u0432\u043f\u0435\u0447\u0430\u0442\u043b\u044f\u0442\u044c<\/p><\/li><\/ul>\t\t\t\t\t\t\t\t<\/div>\n\t\t\t\t<\/div>\n\t\t\t\t\t<\/div>\n\t\t<\/div>\n\t\t\t\t\t<\/div>\n\t\t<\/section>\n\t\t\t\t\t<\/div>\n\t\t<\/div>\n\t\t\t\t<div class=\"elementor-column elementor-col-50 elementor-top-column elementor-element elementor-element-7e3bd86\" data-id=\"7e3bd86\" data-element_type=\"column\">\n\t\t\t<div class=\"elementor-widget-wrap elementor-element-populated\">\n\t\t\t\t\t\t<div class=\"elementor-element elementor-element-43c6c5e8 elementor-widget elementor-widget-image\" data-id=\"43c6c5e8\" data-element_type=\"widget\" data-widget_type=\"image.default\">\n\t\t\t\t<div class=\"elementor-widget-container\">\n\t\t\t\t\t\t\t\t\t\t\t\t\t\t\t<img decoding=\"async\" width=\"800\" height=\"1143\" src=\"https:\/\/www.waytopoleanddance.de\/wp-content\/uploads\/2026\/03\/1000054856-1.jpg\" class=\"attachment-full size-full wp-image-4605\" alt=\"\" srcset=\"https:\/\/www.waytopoleanddance.de\/wp-content\/uploads\/2026\/03\/1000054856-1.jpg 800w, https:\/\/www.waytopoleanddance.de\/wp-content\/uploads\/2026\/03\/1000054856-1-210x300.jpg 210w, https:\/\/www.waytopoleanddance.de\/wp-content\/uploads\/2026\/03\/1000054856-1-717x1024.jpg 717w, https:\/\/www.waytopoleanddance.de\/wp-content\/uploads\/2026\/03\/1000054856-1-768x1097.jpg 768w, https:\/\/www.waytopoleanddance.de\/wp-content\/uploads\/2026\/03\/1000054856-1-8x12.jpg 8w\" sizes=\"(max-width: 800px) 100vw, 800px\" \/>\t\t\t\t\t\t\t\t\t\t\t\t\t\t\t<\/div>\n\t\t\t\t<\/div>\n\t\t\t\t\t<\/div>\n\t\t<\/div>\n\t\t\t\t\t<\/div>\n\t\t<\/section>\n\t\t\t\t<\/div>","protected":false},"excerpt":{"rendered":"<p>Artur Hauptseite Lehrer Lehrer Artur Unterrichtete Kurse \u2022Contemporary Pole \u2022Pole Sport Kursstil Artur verbindet in seinem Unterricht fundierte Technik, K\u00f6rperbewusstsein und k\u00fcnstlerischen Ausdruck. Alle sch\u00e4tzen seine ausf\u00fchrlichen Erkl\u00e4rungen, den strukturierten Aufbau der \u00dcbungen und seine F\u00e4higkeit, ihnen dabei zu helfen, neue Leistungsniveaus zu erreichen. Artur Interessante fakten Artur ist Pole-, Aerial- und Burlesque-K\u00fcnstler, T\u00e4nzer, Coach [&hellip;]<\/p>","protected":false},"author":1,"featured_media":0,"parent":0,"menu_order":0,"comment_status":"closed","ping_status":"closed","template":"elementor_header_footer","meta":{"footnotes":""},"class_list":["post-4598","page","type-page","status-publish","hentry"],"_links":{"self":[{"href":"https:\/\/www.waytopoleanddance.de\/ru\/wp-json\/wp\/v2\/pages\/4598","targetHints":{"allow":["GET"]}}],"collection":[{"href":"https:\/\/www.waytopoleanddance.de\/ru\/wp-json\/wp\/v2\/pages"}],"about":[{"href":"https:\/\/www.waytopoleanddance.de\/ru\/wp-json\/wp\/v2\/types\/page"}],"author":[{"embeddable":true,"href":"https:\/\/www.waytopoleanddance.de\/ru\/wp-json\/wp\/v2\/users\/1"}],"replies":[{"embeddable":true,"href":"https:\/\/www.waytopoleanddance.de\/ru\/wp-json\/wp\/v2\/comments?post=4598"}],"version-history":[{"count":3,"href":"https:\/\/www.waytopoleanddance.de\/ru\/wp-json\/wp\/v2\/pages\/4598\/revisions"}],"predecessor-version":[{"id":4608,"href":"https:\/\/www.waytopoleanddance.de\/ru\/wp-json\/wp\/v2\/pages\/4598\/revisions\/4608"}],"wp:attachment":[{"href":"https:\/\/www.waytopoleanddance.de\/ru\/wp-json\/wp\/v2\/media?parent=4598"}],"curies":[{"name":"wp","href":"https:\/\/api.w.org\/{rel}","templated":true}]}}